{"id":59,"date":"2019-01-08T14:55:22","date_gmt":"2019-01-08T14:55:22","guid":{"rendered":"https:\/\/elisabetalmeda.wordpress.com\/?page_id=59"},"modified":"2025-09-03T10:05:06","modified_gmt":"2025-09-03T10:05:06","slug":"docencia-universitaria","status":"publish","type":"page","link":"https:\/\/elisabetalmeda.cat\/index.php\/docencia-universitaria\/","title":{"rendered":"Doc\u00e8ncia actual"},"content":{"rendered":"\n<p><strong>Grau en Sociologia<\/strong>. Universitat de Barcelona<\/p>\n\n\n\n<p><strong>M\u00e0ster en Sociologia: Transformacions Socials I Innovaci\u00f3<\/strong>. Universitat de Barcelona<\/p>\n\n\n\n<p><strong>M\u00e0ster Interuniversitari en Estudis de Dones, G\u00e8nere i Ciutadania<\/strong><\/p>\n\n\n\n<p class=\"has-text-align-right\"><em>(Darrera Actualitzaci\u00f3: 01 de juny de 202<\/em>4)<\/p>\n","protected":false},"excerpt":{"rendered":"<p>Grau en Sociologia. Universitat de Barcelona M\u00e0ster en Sociologia: Transformacions Socials I Innovaci\u00f3. Universitat de Barcelona M\u00e0ster Interuniversitari en Estudis de Dones, G\u00e8nere i Ciutadania (Darrera Actualitzaci\u00f3: 01 de juny<a href=\"https:\/\/elisabetalmeda.cat\/index.php\/docencia-universitaria\/\" class=\"more-link\"><span class=\"more-button\">Continue reading<span class=\"screen-reader-text\">Doc\u00e8ncia actual<\/span><\/span><\/a><\/p>\n","protected":false},"author":1,"featured_media":0,"parent":0,"menu_order":0,"comment_status":"closed","ping_status":"closed","template":"","meta":{"footnotes":""},"class_list":["post-59","page","type-page","status-publish","hentry"],"_links":{"self":[{"href":"https:\/\/elisabetalmeda.cat\/index.php\/wp-json\/wp\/v2\/pages\/59","targetHints":{"allow":["GET"]}}],"collection":[{"href":"https:\/\/elisabetalmeda.cat\/index.php\/wp-json\/wp\/v2\/pages"}],"about":[{"href":"https:\/\/elisabetalmeda.cat\/index.php\/wp-json\/wp\/v2\/types\/page"}],"author":[{"embeddable":true,"href":"https:\/\/elisabetalmeda.cat\/index.php\/wp-json\/wp\/v2\/users\/1"}],"replies":[{"embeddable":true,"href":"https:\/\/elisabetalmeda.cat\/index.php\/wp-json\/wp\/v2\/comments?post=59"}],"version-history":[{"count":2,"href":"https:\/\/elisabetalmeda.cat\/index.php\/wp-json\/wp\/v2\/pages\/59\/revisions"}],"predecessor-version":[{"id":425,"href":"https:\/\/elisabetalmeda.cat\/index.php\/wp-json\/wp\/v2\/pages\/59\/revisions\/425"}],"wp:attachment":[{"href":"https:\/\/elisabetalmeda.cat\/index.php\/wp-json\/wp\/v2\/media?parent=59"}],"curies":[{"name":"wp","href":"https:\/\/api.w.org\/{rel}","templated":true}]}}