{"id":413,"date":"2025-09-03T09:49:47","date_gmt":"2025-09-03T09:49:47","guid":{"rendered":"https:\/\/elisabetalmeda.cat\/?page_id=413"},"modified":"2025-09-03T14:59:03","modified_gmt":"2025-09-03T14:59:03","slug":"politica-editorial-i-dret-dautoria","status":"publish","type":"page","link":"https:\/\/elisabetalmeda.cat\/index.php\/politica-editorial-i-dret-dautoria\/","title":{"rendered":"Pol\u00edtica Editorial i Dret d\u2019Autoria"},"content":{"rendered":"\n<p>Amb excepci\u00f3 de les produccions institucionals, la propietat intel\u00b7lectual correspon a les seves autores i autors. Les patents, models d\u2019utilitat, creacions intel\u00b7lectuals o qualsevol altre tipus de drets derivats de l\u2019activitat desenvolupada per aquest lloc web tindran la consideraci\u00f3 d\u2019invencions que es regeixen per la normativa de patents i de propietat intel\u00b7lectual. No obstant aix\u00f2, l&#8217;editora i aquest lloc web impulsa i prioritza una pol\u00edtica de divulgaci\u00f3 de les seves publicacions que tendeix cap a l\u2019<em>open acces<\/em>\u00a0i el\u00a0<em>copyleft<\/em>\u00a0sota llic\u00e8ncies\u00a0<em>Creative Commons<\/em>\u00a0de la seva producci\u00f3, excepte en els casos de compromisos editorials que aix\u00ed ho impedeixen.<\/p>\n\n\n\n<p><strong>Editora Responsable: Elisabet Almeda Samaranch<\/strong><\/p>\n\n\n\n<p><strong>elisabet.almeda[a]ub.edu<\/strong><\/p>\n\n\n\n<p><strong>www.elisabetalmeda.cat<\/strong><\/p>\n\n\n\n<p class=\"has-text-align-right\"><em>(Darrera Actualitzaci\u00f3: 01 de maig de 202<\/em>5)<\/p>\n","protected":false},"excerpt":{"rendered":"<p>Amb excepci\u00f3 de les produccions institucionals, la propietat intel\u00b7lectual correspon a les seves autores i autors. Les patents, models d\u2019utilitat, creacions intel\u00b7lectuals o qualsevol altre tipus de drets derivats de<a href=\"https:\/\/elisabetalmeda.cat\/index.php\/politica-editorial-i-dret-dautoria\/\" class=\"more-link\"><span class=\"more-button\">Continue reading<span class=\"screen-reader-text\">Pol\u00edtica Editorial i Dret d\u2019Autoria<\/span><\/span><\/a><\/p>\n","protected":false},"author":1,"featured_media":0,"parent":0,"menu_order":0,"comment_status":"closed","ping_status":"closed","template":"","meta":{"footnotes":""},"class_list":["post-413","page","type-page","status-publish","hentry"],"_links":{"self":[{"href":"https:\/\/elisabetalmeda.cat\/index.php\/wp-json\/wp\/v2\/pages\/413","targetHints":{"allow":["GET"]}}],"collection":[{"href":"https:\/\/elisabetalmeda.cat\/index.php\/wp-json\/wp\/v2\/pages"}],"about":[{"href":"https:\/\/elisabetalmeda.cat\/index.php\/wp-json\/wp\/v2\/types\/page"}],"author":[{"embeddable":true,"href":"https:\/\/elisabetalmeda.cat\/index.php\/wp-json\/wp\/v2\/users\/1"}],"replies":[{"embeddable":true,"href":"https:\/\/elisabetalmeda.cat\/index.php\/wp-json\/wp\/v2\/comments?post=413"}],"version-history":[{"count":3,"href":"https:\/\/elisabetalmeda.cat\/index.php\/wp-json\/wp\/v2\/pages\/413\/revisions"}],"predecessor-version":[{"id":482,"href":"https:\/\/elisabetalmeda.cat\/index.php\/wp-json\/wp\/v2\/pages\/413\/revisions\/482"}],"wp:attachment":[{"href":"https:\/\/elisabetalmeda.cat\/index.php\/wp-json\/wp\/v2\/media?parent=413"}],"curies":[{"name":"wp","href":"https:\/\/api.w.org\/{rel}","templated":true}]}}