{"id":403,"date":"2025-09-02T20:35:11","date_gmt":"2025-09-02T20:35:11","guid":{"rendered":"https:\/\/elisabetalmeda.cat\/?page_id=403"},"modified":"2025-09-05T11:49:00","modified_gmt":"2025-09-05T11:49:00","slug":"benvinguda","status":"publish","type":"page","link":"https:\/\/elisabetalmeda.cat\/index.php\/benvinguda\/","title":{"rendered":"Benvinguda"},"content":{"rendered":"\n<h2 class=\"wp-block-heading\"><\/h2>\n\n\n<div class=\"wp-block-image\">\n<figure class=\"alignleft size-full is-resized\"><img loading=\"lazy\" decoding=\"async\" width=\"336\" height=\"352\" src=\"https:\/\/elisabetalmeda.cat\/wp-content\/uploads\/2019\/01\/elisabet-almeda-samaranch.jpg\" alt=\"\" class=\"wp-image-15\" style=\"width:168px;height:auto\" srcset=\"https:\/\/elisabetalmeda.cat\/wp-content\/uploads\/2019\/01\/elisabet-almeda-samaranch.jpg 336w, https:\/\/elisabetalmeda.cat\/wp-content\/uploads\/2019\/01\/elisabet-almeda-samaranch-286x300.jpg 286w\" sizes=\"auto, (max-width: 336px) 100vw, 336px\" \/><\/figure>\n<\/div>\n\n\n<p>Benvingudes i benvinguts al meu espai web. Aqu\u00ed podreu trobar i accedir a les meves publicacions acad\u00e8miques i divulgatives, aix\u00ed com a les dades m\u00e9s destacades de la meva traject\u00f2ria acad\u00e8mica, la meva formaci\u00f3 i la recerca desenvolupada al&nbsp;<a href=\"http:\/\/www.ub.edu\/copolis\/ca\/\" target=\"_blank\" rel=\"noreferrer noopener\">Grup de Recerca Interuniversitari COPOLIS. Benestar, Comunitat i Control Social<\/a>&nbsp;i al&nbsp;<a href=\"http:\/\/www.ub.edu\/sociologia\/\" target=\"_blank\" rel=\"noreferrer noopener\">Departament de Sociologia&nbsp;<\/a>de la Universitat de Barcelona, entre altres informacions que espero puguin ser del vostre inter\u00e8s.<br><\/p>\n\n\n\n<p>A la pestanya <strong><a href=\"https:\/\/elisabetalmeda.cat\/index.php\/trajectoriaacademica\/\" target=\"_blank\" rel=\"noreferrer noopener\">Traject\u00f2ria acad\u00e8mica<\/a><\/strong> hi presento les meves l\u00ednies principals de recerca \u2014dones i sistema penal, fam\u00edlies monoparentals i monomarentals, diversitat familiar, pol\u00edtiques i benestar, mem\u00f2ria i identitat o innovaci\u00f3 docent i metodologies\u2014, explicades des d\u2019una mirada cr\u00edtica i feminista. Tamb\u00e9 hi podeu consultar el meu<strong> <\/strong>curr\u00edculum vitae amb la informaci\u00f3 principal de la meva formaci\u00f3 i experi\u00e8ncia, aix\u00ed com els principals reconeixements i responsabilitats que he assumit al llarg de la meva carrera universit\u00e0ria.<\/p>\n\n\n\n<p>A l\u2019apartat <strong><a href=\"https:\/\/elisabetalmeda.cat\/index.php\/acces-a-publicacions\/\" target=\"_blank\" rel=\"noreferrer noopener\">Acc\u00e9s a publicacions<\/a><\/strong> trobareu els meus llibres, articles i altres textos, tant acad\u00e8mics com divulgatius, i podeu fer la vostra consulta, desc\u00e0rrega i difusi\u00f3.<\/p>\n\n\n\n<p>Finalment, us convido a visitar el meu <strong><a href=\"https:\/\/elisabetalmeda.cat\/index.php\/category\/bloc\/\" target=\"_blank\" rel=\"noreferrer noopener\">Bloc Personal<\/a><\/strong>, un espai on comparteixo activitats acad\u00e8miques i, sobretot idees i debats que em semblen rellevants. El Bloc t\u00e9 tres seccions principals: <a href=\"https:\/\/elisabetalmeda.cat\/index.php\/category\/noticies\/\" target=\"_blank\" rel=\"noreferrer noopener\">Not\u00edcies<\/a>, <a href=\"https:\/\/elisabetalmeda.cat\/index.php\/category\/opinio\/\" target=\"_blank\" rel=\"noreferrer noopener\">Opini\u00f3<\/a> i <a href=\"https:\/\/elisabetalmeda.cat\/index.php\/category\/fer-present-la-trajectoria\/\" target=\"_blank\" rel=\"noreferrer noopener\">Fer present la traject\u00f2ria<\/a>.<\/p>\n\n\n\n<p>Aquesta web vol ser una finestra oberta al meu treball i alhora un espai de trobada amb aquelles persones interessades en les meves recerques i reflexions.<\/p>\n\n\n\n<div style=\"height:46px\" aria-hidden=\"true\" class=\"wp-block-spacer\"><\/div>\n\n\n\n<p><a href=\"https:\/\/elisabetalmeda.cat\/index.php\/politica-editorial-i-dret-dautoria\/\" target=\"_blank\" rel=\"noreferrer noopener\"><strong>Consulteu la Pol\u00edtica Editorial i Dret d\u2019Autoria d&#8217;aquest lloc web<\/strong><\/a><\/p>\n\n\n\n<p><strong><a href=\"https:\/\/elisabetalmeda.cat\/index.php\/enllacos-dinteres\/\" target=\"_blank\" rel=\"noreferrer noopener\">Enlla\u00e7os d&#8217;inter\u00e8s<\/a><\/strong><\/p>\n\n\n\n<p><strong><a href=\"https:\/\/elisabetalmeda.cat\/index.php\/catalegs-de-lautora\/\" target=\"_blank\" rel=\"noreferrer noopener\">Cat\u00e0legs de l&#8217;autora<\/a><\/strong><\/p>\n\n\n\n<div style=\"height:48px\" aria-hidden=\"true\" class=\"wp-block-spacer\"><\/div>\n\n\n\n<p class=\"has-text-align-right\"><em>(Darrera Actualitzaci\u00f3: 04 de setembre de 202<\/em>5)<\/p>\n","protected":false},"excerpt":{"rendered":"<p>Benvingudes i benvinguts al meu espai web. Aqu\u00ed podreu trobar i accedir a les meves publicacions acad\u00e8miques i divulgatives, aix\u00ed com a les dades m\u00e9s destacades de la meva traject\u00f2ria<a href=\"https:\/\/elisabetalmeda.cat\/index.php\/benvinguda\/\" class=\"more-link\"><span class=\"more-button\">Continue reading<span class=\"screen-reader-text\">Benvinguda<\/span><\/span><\/a><\/p>\n","protected":false},"author":1,"featured_media":0,"parent":0,"menu_order":0,"comment_status":"closed","ping_status":"closed","template":"","meta":{"footnotes":""},"class_list":["post-403","page","type-page","status-publish","hentry"],"_links":{"self":[{"href":"https:\/\/elisabetalmeda.cat\/index.php\/wp-json\/wp\/v2\/pages\/403","targetHints":{"allow":["GET"]}}],"collection":[{"href":"https:\/\/elisabetalmeda.cat\/index.php\/wp-json\/wp\/v2\/pages"}],"about":[{"href":"https:\/\/elisabetalmeda.cat\/index.php\/wp-json\/wp\/v2\/types\/page"}],"author":[{"embeddable":true,"href":"https:\/\/elisabetalmeda.cat\/index.php\/wp-json\/wp\/v2\/users\/1"}],"replies":[{"embeddable":true,"href":"https:\/\/elisabetalmeda.cat\/index.php\/wp-json\/wp\/v2\/comments?post=403"}],"version-history":[{"count":19,"href":"https:\/\/elisabetalmeda.cat\/index.php\/wp-json\/wp\/v2\/pages\/403\/revisions"}],"predecessor-version":[{"id":579,"href":"https:\/\/elisabetalmeda.cat\/index.php\/wp-json\/wp\/v2\/pages\/403\/revisions\/579"}],"wp:attachment":[{"href":"https:\/\/elisabetalmeda.cat\/index.php\/wp-json\/wp\/v2\/media?parent=403"}],"curies":[{"name":"wp","href":"https:\/\/api.w.org\/{rel}","templated":true}]}}