{"id":394,"date":"2025-09-02T20:07:58","date_gmt":"2025-09-02T20:07:58","guid":{"rendered":"https:\/\/elisabetalmeda.cat\/?page_id=394"},"modified":"2025-09-04T15:06:43","modified_gmt":"2025-09-04T15:06:43","slug":"memoria-i-identitat","status":"publish","type":"page","link":"https:\/\/elisabetalmeda.cat\/index.php\/memoria-i-identitat\/","title":{"rendered":"Mem\u00f2ria i Identitat"},"content":{"rendered":"\n<p><a href=\"https:\/\/doi.org\/10.24215\/25251678e528\" target=\"_blank\" rel=\"noreferrer noopener\">Camps Calvet, Clara; Morero Beltr\u00e1n, Anna y Almeda Samaranch, Elisabet (2021). \u201cAutodeterminaci\u00f3n y represi\u00f3n pol\u00edtica en Catalunya. Refer\u00e9ndum, excepcionalidad penal y democratizaci\u00f3n\u201d. <em>Revista Derechos en Acci\u00f3n<\/em> A\u00f1o 6\/Num. 19 Oto\u00f1o 2021. pp. 639-677. https:\/\/doi.org\/10.24215\/25251678e528<\/a><\/p>\n\n\n\n<p>Almeda Samaranch, Ramon (2020). <em>Hist\u00f2ries dibuixades. Poesies, pensaments, escrits i dibuixos.<\/em> Col\u00b7lecci\u00f3: Relats socials. N\u00fam. 02, Barcelona: Copalqui Editorial.<\/p>\n\n\n\n<p>Almeda Samaranch, Elisabet (Coord.) 2010). <em>Di\u00e0legs per a la Mem\u00f2ria.<\/em> Col\u00b7lecci\u00f3 Mem\u00f2ria Oral. N\u00fam. 3. Barcelona: Memorial Democr\u00e0tic. Generalitat de Catalunya.<\/p>\n\n\n\n<p><a href=\"https:\/\/www.memoria.fahce.unlp.edu.ar\/trab_eventos\/ev.9427\/ev.9427.pdf\" target=\"_blank\" rel=\"noreferrer noopener\">Almeda Samaranch, Elisabet; Di Nella, Dino (2008). \u201cMemoria e hist\u00f2ria. Una experiencia metodologica para una sociolog\u00eda de la memoria\u201d. <em>Ponencia. I Encuentro Latinoamericano de Metodolog\u00eda de las Ciencias Sociale<\/em>s. 10-11-12 Diciembre de 2008. La Plata, Argentina.<\/a><\/p>\n\n\n\n<p>Almeda Samaranch, Elisabet (2008). <em>Cinquanta-una veus trenquen el silenci. Fer Present la Mem\u00f2ria<\/em>. Col\u00b7lecci\u00f3 \u00c0gora. N\u00fam. 6 (Cinc volums). Barcelona: Editorial Universitat Pompeu Fabra i Copalqui Editorial.<\/p>\n\n\n\n<p>Almeda Samaranch, Elisabet (2008). <em>Cinquanta-una veus trenquen el silenci. Mem\u00f2ria i dictadura franquista. Presentaci\u00f3 d\u2019un projecte compartit. <\/em>Col\u00b7lecci\u00f3 \u00c0gora. N\u00fam. 6. Volum I. Barcelona: Editorial Universitat Pompeu Fabra i Copalqui Editorial.<\/p>\n\n\n\n<p>Almeda Samaranch, Elisabet (2008). <em>Cinquanta-una veus trenquen el silenci. Vida quotidiana. Fam\u00edlies. Relacions de g\u00e8nere. <\/em>Col\u00b7lecci\u00f3 \u00c0gora. N\u00fam. 6. Volum II. Barcelona: Editorial Universitat Pompeu Fabra i Copalqui Editorial.<\/p>\n\n\n\n<p>Almeda Samaranch, Elisabet (2008). <em>Cinquanta-una veus trenquen el silenci. Educaci\u00f3, formaci\u00f3 i instrucci\u00f3. Economia i treball. <\/em>Col\u00b7lecci\u00f3 \u00c0gora. N\u00fam. 6. Volum III. Barcelona: Editorial Universitat Pompeu Fabra i Copalqui Editorial.<\/p>\n\n\n\n<p>Almeda Samaranch, Elisabet (2008). <em>Cinquanta-una veus trenquen el silenci. Pol\u00edtica, control social i institucions. Opinions i actituds davant la dictadura franquista. <\/em>Col\u00b7lecci\u00f3 \u00c0gora. N\u00fam. 6. Volum IV. Barcelona: Editorial Universitat Pompeu Fabra i Copalqui Editorial.<\/p>\n\n\n\n<p>Almeda Samaranch, Elisabet (2008). <em>Cinquanta-una veus trenquen el silenci. Traject\u00f2ries vitals durant la dictadura franquista. Relats de nou protagonistes. <\/em>Col\u00b7lecci\u00f3 \u00c0gora. N\u00fam. 6. Volum V. Barcelona: Editorial Universitat Pompeu Fabra i Copalqui Editorial.<\/p>\n\n\n\n<p><a href=\"https:\/\/dialnet.unirioja.es\/servlet\/articulo?codigo=6802166\" target=\"_blank\" rel=\"noreferrer noopener\">Almeda Samaranch, Elisabet i Di Nella, Dino (2007). \u201cFer present la mem\u00f2ria. Relats de resist\u00e8ncia durant la dictadura franquista des de la quotidianitat\u201d. <em>Edici\u00f3 de les actes \/ Col\u00b7loqui de tardor. XVIII Jornades d&#8217;hist\u00f2ria de l&#8217;educaci\u00f3 [Banyoles, 2007]. <\/em>pp. 93-104.Banyoles: Centre d\u00b4Estudis Comarcals de Banyoles.<\/a><\/p>\n","protected":false},"excerpt":{"rendered":"<p>Camps Calvet, Clara; Morero Beltr\u00e1n, Anna y Almeda Samaranch, Elisabet (2021). \u201cAutodeterminaci\u00f3n y represi\u00f3n pol\u00edtica en Catalunya. Refer\u00e9ndum, excepcionalidad penal y democratizaci\u00f3n\u201d. Revista Derechos en Acci\u00f3n A\u00f1o 6\/Num. 19 Oto\u00f1o<a href=\"https:\/\/elisabetalmeda.cat\/index.php\/memoria-i-identitat\/\" class=\"more-link\"><span class=\"more-button\">Continue reading<span class=\"screen-reader-text\">Mem\u00f2ria i Identitat<\/span><\/span><\/a><\/p>\n","protected":false},"author":1,"featured_media":0,"parent":0,"menu_order":0,"comment_status":"closed","ping_status":"closed","template":"","meta":{"footnotes":""},"class_list":["post-394","page","type-page","status-publish","hentry"],"_links":{"self":[{"href":"https:\/\/elisabetalmeda.cat\/index.php\/wp-json\/wp\/v2\/pages\/394","targetHints":{"allow":["GET"]}}],"collection":[{"href":"https:\/\/elisabetalmeda.cat\/index.php\/wp-json\/wp\/v2\/pages"}],"about":[{"href":"https:\/\/elisabetalmeda.cat\/index.php\/wp-json\/wp\/v2\/types\/page"}],"author":[{"embeddable":true,"href":"https:\/\/elisabetalmeda.cat\/index.php\/wp-json\/wp\/v2\/users\/1"}],"replies":[{"embeddable":true,"href":"https:\/\/elisabetalmeda.cat\/index.php\/wp-json\/wp\/v2\/comments?post=394"}],"version-history":[{"count":2,"href":"https:\/\/elisabetalmeda.cat\/index.php\/wp-json\/wp\/v2\/pages\/394\/revisions"}],"predecessor-version":[{"id":533,"href":"https:\/\/elisabetalmeda.cat\/index.php\/wp-json\/wp\/v2\/pages\/394\/revisions\/533"}],"wp:attachment":[{"href":"https:\/\/elisabetalmeda.cat\/index.php\/wp-json\/wp\/v2\/media?parent=394"}],"curies":[{"name":"wp","href":"https:\/\/api.w.org\/{rel}","templated":true}]}}