{"id":393,"date":"2025-09-02T20:08:43","date_gmt":"2025-09-02T20:08:43","guid":{"rendered":"https:\/\/elisabetalmeda.cat\/?page_id=393"},"modified":"2025-09-05T00:26:22","modified_gmt":"2025-09-05T00:26:22","slug":"acces-a-publicacions","status":"publish","type":"page","link":"https:\/\/elisabetalmeda.cat\/index.php\/acces-a-publicacions\/","title":{"rendered":"Acc\u00e8s a publicacions"},"content":{"rendered":"\n<p><\/p>\n\n\n\n<p><a href=\"https:\/\/elisabetalmeda.cat\/index.php\/dones-i-sistema-penal\/\" target=\"_blank\" rel=\"noreferrer noopener\">Dones i Sistema Penal<\/a><\/p>\n\n\n\n<p><a href=\"https:\/\/elisabetalmeda.cat\/index.php\/monoparentalitats\/\" target=\"_blank\" rel=\"noreferrer noopener\">Fam\u00edlies Monoparentals i Monomarentals<\/a><\/p>\n\n\n\n<p><a href=\"https:\/\/elisabetalmeda.cat\/index.php\/diversitat-familiar-politiques-i-benestar\/\" target=\"_blank\" rel=\"noreferrer noopener\">Diversitat Familiar, Pol\u00edtiques i Benestar<\/a><\/p>\n\n\n\n<p><a href=\"https:\/\/elisabetalmeda.cat\/index.php\/memoria-i-identitat\/\" target=\"_blank\" rel=\"noreferrer noopener\">Mem\u00f2ria i Identitat<\/a><\/p>\n\n\n\n<p><a href=\"https:\/\/elisabetalmeda.cat\/index.php\/innovacio-docent-i-metodologies\/\" target=\"_blank\" rel=\"noreferrer noopener\">Innovaci\u00f3 Docent i Metodologies<\/a><\/p>\n\n\n\n<div style=\"height:57px\" aria-hidden=\"true\" class=\"wp-block-spacer\"><\/div>\n\n\n\n<p><a href=\"https:\/\/elisabetalmeda.cat\/index.php\/catalegs-de-lautora\/\" target=\"_blank\" rel=\"noreferrer noopener\">Cat\u00e0legs de l\u2019autora<\/a><\/p>\n\n\n\n<p class=\"has-text-align-right\"><em>(Darrera Actualitzaci\u00f3: 01 de maig de 202<\/em>5)<\/p>\n\n\n\n<p><\/p>\n","protected":false},"excerpt":{"rendered":"<p>Dones i Sistema Penal Fam\u00edlies Monoparentals i Monomarentals Diversitat Familiar, Pol\u00edtiques i Benestar Mem\u00f2ria i Identitat Innovaci\u00f3 Docent i Metodologies Cat\u00e0legs de l\u2019autora (Darrera Actualitzaci\u00f3: 01 de maig de 2025)<\/p>\n","protected":false},"author":1,"featured_media":0,"parent":0,"menu_order":0,"comment_status":"closed","ping_status":"closed","template":"","meta":{"footnotes":""},"class_list":["post-393","page","type-page","status-publish","hentry"],"_links":{"self":[{"href":"https:\/\/elisabetalmeda.cat\/index.php\/wp-json\/wp\/v2\/pages\/393","targetHints":{"allow":["GET"]}}],"collection":[{"href":"https:\/\/elisabetalmeda.cat\/index.php\/wp-json\/wp\/v2\/pages"}],"about":[{"href":"https:\/\/elisabetalmeda.cat\/index.php\/wp-json\/wp\/v2\/types\/page"}],"author":[{"embeddable":true,"href":"https:\/\/elisabetalmeda.cat\/index.php\/wp-json\/wp\/v2\/users\/1"}],"replies":[{"embeddable":true,"href":"https:\/\/elisabetalmeda.cat\/index.php\/wp-json\/wp\/v2\/comments?post=393"}],"version-history":[{"count":5,"href":"https:\/\/elisabetalmeda.cat\/index.php\/wp-json\/wp\/v2\/pages\/393\/revisions"}],"predecessor-version":[{"id":563,"href":"https:\/\/elisabetalmeda.cat\/index.php\/wp-json\/wp\/v2\/pages\/393\/revisions\/563"}],"wp:attachment":[{"href":"https:\/\/elisabetalmeda.cat\/index.php\/wp-json\/wp\/v2\/media?parent=393"}],"curies":[{"name":"wp","href":"https:\/\/api.w.org\/{rel}","templated":true}]}}