{"id":319,"date":"2025-08-27T14:38:40","date_gmt":"2025-08-27T14:38:40","guid":{"rendered":"https:\/\/elisabetalmeda.cat\/?page_id=319"},"modified":"2025-09-04T15:10:36","modified_gmt":"2025-09-04T15:10:36","slug":"innovacio-docent-i-metodologies","status":"publish","type":"page","link":"https:\/\/elisabetalmeda.cat\/index.php\/innovacio-docent-i-metodologies\/","title":{"rendered":"Innovaci\u00f3 Docent i Metodologies"},"content":{"rendered":"\n<p><a href=\"https:\/\/library.iated.org\/view\/MONERAORTIZ2022RAI\" target=\"_blank\" rel=\"noreferrer noopener\">Monera Ortiz, Rosa; Freude, Leon; Camps Calvet, Clara; Almeda Samaranch, Elisabet; Bonet-Marti, Jordi; Vivancos, Carme and Morero Beltran, Anna (2022). &#8220;Raising awareness and combating digital gender based violence through service-learning\u201d in <em>INTED2022 Proceedings<\/em>. pp.1008-1017<\/a><\/p>\n\n\n\n<p><a href=\"https:\/\/octaedro.com\/libro\/saber-la-singularitat-innovacio-docent-des-dels-feminismes\" target=\"_blank\" rel=\"noreferrer noopener\">Verg\u00e9s Bosch, Nuria; Freude, Leon; Almeda Samaranch, Elisabet; Ortiz Monera, Rora i Morero Beltr\u00e1n, Anna (2022). \u201cInnovaci\u00f3 docente fent aprenentatge de servei en perspectiva feminista. Una experiencia des de l\u2019assignatura Sociologia dels g\u00e8neres sobre el tema de g\u00e8neres i tecnologies\u201d a Patricia Mart\u00ednez Alv\u00e1rez <em>Saber la singularitat: innovaci\u00f3 docent des dels feminismes, <\/em>Quaderns de Doc\u00e8ncia Universit\u00e0ria 46. pp. 50-56. Barcelona: IDP\/ICE, UB, i Ediciones OCTAEDRO.<\/a><\/p>\n\n\n\n<p><a href=\"http:\/\/hdl.handle.net\/2445\/172998\" target=\"_blank\" rel=\"noreferrer noopener\">Poblet, Cristina; Rodr\u00edguez, Nuria; Almeda Samaranch, Elisabet; Collado, Antonia; Costa, Merc\u00e8 (2021) <em>Experi\u00e8ncies per construir coneixement intergeneracional. <\/em>INNOVADOC (Documents d&#8217;Innovaci\u00f3 Docent). Barcelona: Dip\u00f2sit digital de la Universitat de Barcelona.<\/a><\/p>\n\n\n\n<p><a href=\"http:\/\/dx.doi.org\/10.5965\/1984723821452020165\" target=\"_blank\" rel=\"noreferrer noopener\">Verg\u00e9s Bosch, N\u00faria; Biglia, Barbara; Almeda Samaranch, Elisabet (2020). \u201cMetodolog\u00edas feministas con tecnolog\u00edas para la gesti\u00f3n de la informaci\u00f3n en la ense\u00f1anza universitaria\u201d. <em>Revista Linhas. Florian\u00f3polis<\/em>. V. 21. N\u00fam. 45. pp.165-182. http:\/\/dx.doi.org\/10.5965\/1984723821452020165<\/a>.<\/p>\n\n\n\n<p><a href=\"https:\/\/turia.uv.es\/index.php\/arxius\/article\/view\/29213\" target=\"_blank\" rel=\"noreferrer noopener\">Di Nella, Dino; Almeda Samaranch, Elisabet; Camps Calvet, Clara; Giordana, Patricia; Loggiacco, Camila y d&#8217;Alfonso, Luis (2019). \u201cSociolog\u00eda, derecho y desigualdades sociales. Una propuesta de docencia universitaria cr\u00edtica\u201d. <em>Arxius de ci\u00e8ncies socials<\/em>, 40. pp.65-70.<\/a><\/p>\n\n\n\n<p><a href=\"http:\/\/www.edicions.ub.edu\/ficha.aspx?cod=08095\" target=\"_blank\" rel=\"noreferrer noopener\">Almeda Samaranch, Elisabet; Arroyo Moliner, Liliana; Pradel Miquel, Marc i Josep Maria Rotger Cerd\u00e0, Josep Maria (Eds.) (2014) <em>\u00c0mbits de recerca i metodologies en Sociologia<\/em>. Textos docents 388. Barcelona: Publicacions i Edicions de la Universitat de Barcelona.<\/a><\/p>\n\n\n\n<p>Rodr\u00edguez D\u00edaz, Jos\u00e9 A. y Almeda Samaranch, Elisabet (Eds.) <em>Sociolog\u00edas plurales<\/em>. Colecci\u00f3n Textos Universitarios. N\u00fam.10. Barcelona: Copalqui Editorial.<\/p>\n\n\n\n<p>Carrasco, Cristina.; Almeda Samaranch, Elisabet et al. (2006). <em>Estad\u00edstiques sota sospita. Proposta de nous indicadors de l&#8217;experi\u00e8ncia femenina.<\/em> Barcelona: Institut Catal\u00e0 de les Dones.<\/p>\n\n\n\n<p><\/p>\n","protected":false},"excerpt":{"rendered":"<p>Monera Ortiz, Rosa; Freude, Leon; Camps Calvet, Clara; Almeda Samaranch, Elisabet; Bonet-Marti, Jordi; Vivancos, Carme and Morero Beltran, Anna (2022). &#8220;Raising awareness and combating digital gender based violence through service-learning\u201d<a href=\"https:\/\/elisabetalmeda.cat\/index.php\/innovacio-docent-i-metodologies\/\" class=\"more-link\"><span class=\"more-button\">Continue reading<span class=\"screen-reader-text\">Innovaci\u00f3 Docent i Metodologies<\/span><\/span><\/a><\/p>\n","protected":false},"author":1,"featured_media":0,"parent":0,"menu_order":0,"comment_status":"closed","ping_status":"closed","template":"","meta":{"footnotes":""},"class_list":["post-319","page","type-page","status-publish","hentry"],"_links":{"self":[{"href":"https:\/\/elisabetalmeda.cat\/index.php\/wp-json\/wp\/v2\/pages\/319","targetHints":{"allow":["GET"]}}],"collection":[{"href":"https:\/\/elisabetalmeda.cat\/index.php\/wp-json\/wp\/v2\/pages"}],"about":[{"href":"https:\/\/elisabetalmeda.cat\/index.php\/wp-json\/wp\/v2\/types\/page"}],"author":[{"embeddable":true,"href":"https:\/\/elisabetalmeda.cat\/index.php\/wp-json\/wp\/v2\/users\/1"}],"replies":[{"embeddable":true,"href":"https:\/\/elisabetalmeda.cat\/index.php\/wp-json\/wp\/v2\/comments?post=319"}],"version-history":[{"count":2,"href":"https:\/\/elisabetalmeda.cat\/index.php\/wp-json\/wp\/v2\/pages\/319\/revisions"}],"predecessor-version":[{"id":535,"href":"https:\/\/elisabetalmeda.cat\/index.php\/wp-json\/wp\/v2\/pages\/319\/revisions\/535"}],"wp:attachment":[{"href":"https:\/\/elisabetalmeda.cat\/index.php\/wp-json\/wp\/v2\/media?parent=319"}],"curies":[{"name":"wp","href":"https:\/\/api.w.org\/{rel}","templated":true}]}}