{"id":316,"date":"2025-08-27T14:35:18","date_gmt":"2025-08-27T14:35:18","guid":{"rendered":"https:\/\/elisabetalmeda.cat\/?page_id=316"},"modified":"2025-09-05T11:05:25","modified_gmt":"2025-09-05T11:05:25","slug":"diversitat-familiar-politiques-i-benestar","status":"publish","type":"page","link":"https:\/\/elisabetalmeda.cat\/index.php\/diversitat-familiar-politiques-i-benestar\/","title":{"rendered":"Diversitat Familiar, Pol\u00edtiques i Benestar"},"content":{"rendered":"\n<p><a href=\"https:\/\/doi.org\/10.1007\/978-3-031-66697-1_4\" target=\"_blank\" rel=\"noreferrer noopener\">Morero Beltr\u00e1n, Anna; Almeda Samaranch, Elisabet (2025). \u201c Meanings, Experiences, and Perspectives on Non-Motherhood in a Spanish Contex<strong>t\u201d<\/strong> in Jenny Bj\u00f6rklund; Dovile Kuzminskait\u0117 and Julie Rodgers (Eds) <em>Negotiating Non-Motherhood<\/em>. Cham: Palgrave Macmillan Studies in Family and Intimate Life. Palgrave Macmillan. <\/a><a href=\"https:\/\/doi.org\/10.1007\/978-3-031-66697-1_4\">https:\/\/doi.org\/10.1007\/978-3-031-66697-1_4<\/a><\/p>\n\n\n\n<p><a href=\"https:\/\/turia.uv.es\/index.php\/RASE\/article\/view\/29545\" target=\"_blank\" rel=\"noreferrer noopener\">Freude, Le\u00f3n; Moreno-Beltr\u00e1n, Anna; Almeda Samaranch, Elisabet y Dom\u00ednguez Amor\u00f3s, M\u00e0rius (2025). Transformaci\u00f3n educativa y feminista: evaluaci\u00f3n de un proyecto sobre violencias machistas digitales. <em>Revista de Sociolog\u00eda de la Educaci\u00f3n- RASE<\/em>. 18 (1). pp.165-186.<\/a><\/p>\n\n\n\n<p><a href=\"https:\/\/doi.org\/10.7440\/colombiaint119.2024.07.\" target=\"_blank\" rel=\"noreferrer noopener\">Solarte Fuentes, Lina; Clara Camps Calvet; Jordi Bonet-Marti, and Elisabet Almeda Samaranch (2024). \u201cLa contribuci\u00f3n de las mujeres de la di\u00e1spora colombiana organizada en Catalu\u00f1a a la generaci\u00f3n de pr\u00e1cticas trasnacionales de defensa de derechos humanos\u201d. <em>Colombia Internacional<\/em>, no. 119 (July). pp.181-207. https:\/\/doi.org\/10.7440\/colombiaint119.2024.07.<\/a><\/p>\n\n\n\n<p><a href=\"https:\/\/doi.org\/10.1080\/13636820.2022.2042725\" target=\"_blank\" rel=\"noreferrer noopener\">Obiol, Sandra; Verges, N\u00faria; Almeda Samaranch, Elisabet (2022). \u201cGender and educational decisions in basic vocational training: discussions and experiences in Spain\u201d. <em>Journal of Vocational Education &amp; Training<\/em>. <em>76<\/em>&nbsp;(3). pp. 576\u2013593.https:\/\/doi.org\/10.1080\/13636820.2022.2042725<\/a><\/p>\n\n\n\n<p><a href=\"https:\/\/library.iated.org\/view\/MONERAORTIZ2022RAI\" target=\"_blank\" rel=\"noreferrer noopener\">Monera Ortiz, Rosa; Freude, Leon; Camps Calvet, Clara; Almeda Samaranch, Elisabet; Bonet-Marti, Jordi; Vivancos, Carme and Morero Beltran, Anna (2022). &#8220;Raising awareness and combating digital gender based violence through service-learning\u201d in <em>INTED2022 Proceedings<\/em>. pp.1008-1017<\/a><\/p>\n\n\n\n<p><a href=\"https:\/\/doi.org\/10.22325\/fes\/res.2021.61\" target=\"_blank\" rel=\"noreferrer noopener\">Almeda Samaranch, Elisabet y Batthy\u00e1ny, Karina (2021). \u201cG\u00e9nero, desigualdades sociales y pandemia por Sars-Cov-2\u201d. <em>Revista Espa\u00f1ola de Sociolog\u00eda<\/em> 30 (3). a61. pp1-18. https:\/\/doi.org\/10.22325\/fes\/res.2021.61<\/a><\/p>\n\n\n\n<p><a href=\"https:\/\/www.tandfonline.com\/doi\/full\/10.1080\/09718524.2021.1969783\" target=\"_blank\" rel=\"noreferrer noopener\">Verg\u00e9s Bosch, Nuria; Freude, Leon; Almeda Samaranch, Elisabet and Gonz\u00e1lez Ramos, Ana (2021). \u201cWomen working in ICT: situation and possibilities of progress in Catalonia and Spain\u201d. <em>Gender, technology and development<\/em>. <em>25<\/em> (3). pp. 275 &#8211; 293.<\/a><\/p>\n\n\n\n<p><a href=\"https:\/\/turia.uv.es\/index.php\/RASE\/article\/view\/16666\" target=\"_blank\" rel=\"noreferrer noopener\">Obiol, Sandra; Almeda Samaranch, Elisabet; Di Nella, Dino; Pumar Beltr\u00e1n, Nuria; Ruiz Franco, Aida; Verg\u00e9s Bosch, Nuria; Villar-Aguil\u00e9s, Alicia (2020). \u00bfUna orientaci\u00f3n marcada por el g\u00e9nero? El caso de la Formaci\u00f3n Profesional B\u00e1sica valenciana. <em>Revista de la Asociaci\u00f3n de Sociolog\u00eda de la Educaci\u00f3n<\/em>&#8211;<em>RASE.<\/em> <em>13 <\/em>(3). pp. 371-391.<\/a><\/p>\n\n\n\n<p><a href=\"https:\/\/www.tandfonline.com\/doi\/full\/10.1080\/09589236.2016.1273100\" target=\"_blank\" rel=\"noreferrer noopener\">Garc\u00eda-Santesmases Fern\u00e1ndez, Andrea: N\u00faria Verg\u00e9s Bosch, Nuria and Almeda Samaranch, Elisabet (2017). \u201cFrom alliance to trust\u2019: constructing Crip-Queer intimacies\u201d. <em>Journal of Gender Studies,<\/em> Volume 26. pp. 269-281. Issue 2 Mediated Intimacies: Bodies, Technologies and Relationships.<\/a><\/p>\n\n\n\n<p><a href=\"https:\/\/link.springer.com\/chapter\/10.1007\/978-3-319-44447-5_16\" target=\"_blank\" rel=\"noreferrer noopener\">Gonz\u00e1lez, Ana M; Revelles, Beatriz; Almeda Samaranch, Elisabet; Verg\u00e9s Bosch, Nuria and Garc\u00eda, Jos\u00e9 S (2016). \u201cWomen in ICT: Opportunities for Their Inclusion in an International Labor Market\u201d in Francisco J. Mata and Ana Pont (Eds.)&nbsp; <em>ICT for Promoting Human Development and Protecting the Environment. <\/em>Volume 481. pp.171-177. Series IFIP Advances in Information and Communication Technology. Switzerland: Springer International Publishing.<\/a><\/p>\n\n\n\n<p>Morero Beltr\u00e1n, Anna; Ortiz Monera, Rosa and Almeda Samaranch, Elisabet&nbsp; (Eds.) (2015). <em>Dialogues with Rosanna Hertz<\/em>. Colecci\u00f3n: Familias Monoparentales y Diversidad Familiar. N\u00fam.16. Barcelona. Copalqui Editorial.<\/p>\n\n\n\n<p><a href=\"https:\/\/dl.acm.org\/doi\/10.1145\/2662253.2662333\" target=\"_blank\" rel=\"noreferrer noopener\">Verg\u00e9s, Nuria; Gonz\u00e1lez, A.M and Almeda Samaranch, Elisabet (2014). \u201cDoing and undoing genders and information and communication tecnologies\u201d in <em>Proceedings of the XV International Conference on Human Computer Interaction<\/em> (Interacci\u00f3n 2014). Vol. 80. pp. 1-2. New York: ACM New York.<\/a><\/p>\n\n\n\n<p><a href=\"https:\/\/elisabetalmeda.cat\/wp-content\/uploads\/2025\/09\/2008-Families-i-llars-a-Catalunya.pdf\" target=\"_blank\" rel=\"noreferrer noopener\">Almeda Samaranch, Elisabet (2008). <em>Fam\u00edlies i llars a Catalunya.<\/em> <em>An\u00e0lisi radiogr\u00e0fic<\/em>. Col\u00b7lecci\u00f3: Fam\u00edlies Monoparentals i Diversitat Familiar. N\u00fam. 03. Barcelona: Copalqui Editorial.<\/a><\/p>\n\n\n\n<p>Almeda Samaranch, Elisabet i Collado Sevilla, Antonia (2008). <em>Parelles de fet a<\/em> <em>Catalunya. Dades, opinions i percepcion<\/em>s. Col\u00b7lecci\u00f3: Fam\u00edlies Monoparentals i Diversitat Familiar. N\u00fam. 05. Barcelona: Copalqui Editorial.<\/p>\n\n\n\n<p>Di Nella, Dino i Almeda Samaranch, Elisabet (2008). <em>Pol\u00edtiques familiars<\/em> <em>envers les monoparentalitats des d\u2019una perspectiva comparada<\/em> <em>europea<\/em>. Col\u00b7lecci\u00f3: Fam\u00edlies Monoparentals i Diversitat Familiar. N\u00fam. 04. Barcelona: Copalqui Editorial.<\/p>\n\n\n\n<p><a href=\"https:\/\/scholar.google.com\/scholar?cluster=8905728285709071648&amp;hl=en&amp;oi=scholarr\" target=\"_blank\" rel=\"noreferrer noopener\">Sarasa, Sebasti\u00e0; Almeda Samaranch, Elisabet y Obiols, Dolors (2002). \u201cEstado, sociedad civil y rentas m\u00ednimas de inserci\u00f3n: el caso del Pirmi\u201d en Luis Moreno (Ed.). <em>Pobreza y exclusi\u00f3n: la \u2018malla de seguridad\u2019 en Espa\u00f1a.<\/em> pp.193-225. Madrid: Consejo Superior de Investigaciones Cient\u00edficas.<\/a><\/p>\n\n\n\n<p><a href=\"https:\/\/fundaciobofill.cat\/publicacions\/anuari-de-la-immigracio-catalunya-1999\" target=\"_blank\" rel=\"noreferrer noopener\">Rub\u00ed, Gemma; Almeda Samaranch, Elisabet i Anton, X (2000).&nbsp;\u201cDades destacades sobre la immigraci\u00f3 a Catalunya. Refusos, expulsions, devolucions, internaments i educaci\u00f3\u201d. &nbsp;<em>Anuari de la immigraci\u00f3 a Catalunya<\/em>&nbsp;1999 (1 ed). &nbsp;pp. 93-115. Barcelona: Fundaci\u00f3 Bofill.<\/a><\/p>\n\n\n\n<p><a href=\"https:\/\/raco.cat\/index.php\/Dovella\/article\/view\/20405\/293702\" target=\"_blank\" rel=\"noreferrer noopener\">Almeda Samaranch, Elisabet i Rub\u00ed Casals, Gemma (1997). \u201cJornades sobre immigraci\u00f3 a la Catalunya central\u201d. <em>Dovella<\/em>. N\u00fam. 58. pp.43-46.<\/a><\/p>\n\n\n\n<p><a href=\"https:\/\/kar.kent.ac.uk\/38369\" target=\"_blank\" rel=\"noreferrer noopener\">Almeda Samaranch, Elisabet and Sarasa, Sebastia (1996). \u201cSpain: growth to diversity\u201d. in Vic George and Peter Taylor-Gooby (Ed.) <em>European Welfare Policy: Squaring the Welfare Circle<\/em>. Houndmills: Macmillan.<\/a><\/p>\n\n\n\n<p><\/p>\n","protected":false},"excerpt":{"rendered":"<p>Morero Beltr\u00e1n, Anna; Almeda Samaranch, Elisabet (2025). \u201c Meanings, Experiences, and Perspectives on Non-Motherhood in a Spanish Context\u201d in Jenny Bj\u00f6rklund; Dovile Kuzminskait\u0117 and Julie Rodgers (Eds) Negotiating Non-Motherhood. Cham:<a href=\"https:\/\/elisabetalmeda.cat\/index.php\/diversitat-familiar-politiques-i-benestar\/\" class=\"more-link\"><span class=\"more-button\">Continue reading<span class=\"screen-reader-text\">Diversitat Familiar, Pol\u00edtiques i Benestar<\/span><\/span><\/a><\/p>\n","protected":false},"author":1,"featured_media":0,"parent":0,"menu_order":0,"comment_status":"closed","ping_status":"closed","template":"","meta":{"footnotes":""},"class_list":["post-316","page","type-page","status-publish","hentry"],"_links":{"self":[{"href":"https:\/\/elisabetalmeda.cat\/index.php\/wp-json\/wp\/v2\/pages\/316","targetHints":{"allow":["GET"]}}],"collection":[{"href":"https:\/\/elisabetalmeda.cat\/index.php\/wp-json\/wp\/v2\/pages"}],"about":[{"href":"https:\/\/elisabetalmeda.cat\/index.php\/wp-json\/wp\/v2\/types\/page"}],"author":[{"embeddable":true,"href":"https:\/\/elisabetalmeda.cat\/index.php\/wp-json\/wp\/v2\/users\/1"}],"replies":[{"embeddable":true,"href":"https:\/\/elisabetalmeda.cat\/index.php\/wp-json\/wp\/v2\/comments?post=316"}],"version-history":[{"count":4,"href":"https:\/\/elisabetalmeda.cat\/index.php\/wp-json\/wp\/v2\/pages\/316\/revisions"}],"predecessor-version":[{"id":583,"href":"https:\/\/elisabetalmeda.cat\/index.php\/wp-json\/wp\/v2\/pages\/316\/revisions\/583"}],"wp:attachment":[{"href":"https:\/\/elisabetalmeda.cat\/index.php\/wp-json\/wp\/v2\/media?parent=316"}],"curies":[{"name":"wp","href":"https:\/\/api.w.org\/{rel}","templated":true}]}}