{"id":299,"date":"2025-08-27T14:19:07","date_gmt":"2025-08-27T14:19:07","guid":{"rendered":"https:\/\/elisabetalmeda.cat\/?page_id=299"},"modified":"2025-08-27T14:19:09","modified_gmt":"2025-08-27T14:19:09","slug":"seminari-sobre-politiques-i-diversitat-familiar","status":"publish","type":"page","link":"https:\/\/elisabetalmeda.cat\/index.php\/seminari-sobre-politiques-i-diversitat-familiar\/","title":{"rendered":"Seminari sobre \u201cPol\u00edtiques i Diversitat Familiar\u201d"},"content":{"rendered":"\n<p><em>Pol\u00edtiques i diversitat familiar<\/em>\u00a0\u00e9s un Seminari realitzat en la modalitat de taller obert a la comunitat, en el marc de les activitats impulsades des del\u00a0<strong><a href=\"https:\/\/www.ub.edu\/copolis\/ca\/copolis-adalqui-3\/\">Col\u00b7lectiu Copolis-Adalqu\u00ed<\/a><\/strong>.<\/p>\n\n\n\n<p>A les sessions es presenten avan\u00e7os de resultats obtinguts en els seus projectes d\u2019investigaci\u00f3, realitzats en el marc de la Xarxa Tem\u00e0tica Internacional d\u2019Investigaci\u00f3 sobre Fam\u00edlies Monoparentals (<strong><a href=\"http:\/\/www.ub.edu\/tiifamo\/ca\/\" target=\"_blank\" rel=\"noreferrer noopener\">Xarxa TIIFAMO<\/a><\/strong>), aix\u00ed com reflexions i an\u00e0lisis cr\u00edtiques sobre temes actuals relacionats amb el g\u00e8nere i la diversitat familiar efectuats per professionals amb diferents traject\u00f2ries que interactuen en el Mestratge sobre Fam\u00edlies i Societat (de la&nbsp;<strong><a href=\"https:\/\/www.ub.edu\/web\/portal\/ca\/\" target=\"_blank\" rel=\"noreferrer noopener\">Universitat de Barcelona<\/a><\/strong>), amb la col\u00b7laboraci\u00f3 de docents de la&nbsp;<strong><a href=\"https:\/\/www.unrn.edu.ar\/home\" target=\"_blank\" rel=\"noreferrer noopener\">UNRN<\/a><\/strong>&nbsp;i la participaci\u00f3 de professionals d\u2019Espanya, Alemanya, M\u00e8xic, Col\u00f2mbia, Xile, Brasil, Per\u00fa, Fran\u00e7a i Argentina.<\/p>\n\n\n\n<p><strong>Calendari de Sessions:<\/strong><\/p>\n\n\n\n<hr class=\"wp-block-separator has-alpha-channel-opacity\"\/>\n\n\n\n<p><strong>Programa VI Edici\u00f3 (2018-2019): \u201cPol\u00edtiques, diversitat familiar i monoparentalitat des d\u2019una perspectiva de g\u00e8nere\u201d.<\/strong><\/p>\n\n\n\n<p>Del 29 d\u2019octubre al 19 de novembre de 2018 (<strong><a href=\"https:\/\/www.ub.edu\/web\/portal\/ca\/\" target=\"_blank\" rel=\"noreferrer noopener\">Universitat de Barcelona<\/a><\/strong>)<\/p>\n\n\n\n<p>29 d\u2019octubre<\/p>\n\n\n\n<p>(Bio) \u00c8tica i Drets Humans: Q\u00fcestions Cl\u00ednic-Anal\u00edtiques<\/p>\n\n\n\n<p>Irene Cambra Badii<\/p>\n\n\n\n<p>5 de novembre<\/p>\n\n\n\n<p>Impugnacions de l\u2019amor rom\u00e0ntic: una aproximaci\u00f3 a les no-monog\u00e0mies \u00e8tiques<\/p>\n\n\n\n<p>David Berga i Alba Torrents<\/p>\n\n\n\n<p>19 de novembre<\/p>\n\n\n\n<p>Nous discursos i pr\u00e0ctiques sobre la igualtat i la desigualtat des de la diversitat familiar<\/p>\n\n\n\n<p>Dino Di Nella<\/p>\n\n\n\n<hr class=\"wp-block-separator has-alpha-channel-opacity\"\/>\n\n\n\n<p><strong>Programa V Edici\u00f3 (2017-2018): \u201cPol\u00edtiques i diversitat familiar\u201d<\/strong><\/p>\n\n\n\n<p>2017 (<a href=\"https:\/\/www.unrn.edu.ar\/home\" target=\"_blank\" rel=\"noreferrer noopener\"><strong>Universitat Nacional de Riu Negre<\/strong><\/a>)<\/p>\n\n\n\n<hr class=\"wp-block-separator has-alpha-channel-opacity\"\/>\n\n\n\n<p><strong>Programa IV Edici\u00f3 (2016-2017): \u201cPol\u00edtiques i diversitat familiar\u201d<\/strong><\/p>\n\n\n\n<p>2016 (<strong><a href=\"https:\/\/www.unrn.edu.ar\/home\" target=\"_blank\" rel=\"noreferrer noopener\">Universitat Nacional de Riu Negre<\/a><\/strong>)<\/p>\n\n\n\n<p>16 de setembre de 2016<\/p>\n\n\n\n<p>programa:<\/p>\n\n\n\n<p>18 hs: Obertura del Seminari i presentaci\u00f3 general del Mestratge en Fam\u00edlies i Societat. Elisabet Almeda i Mariana Rulli<\/p>\n\n\n\n<p>18.30 h: Presentacions de treballs finals del M\u00e0ster en Fam\u00edlies i Societat (I \u00b0 Edici\u00f3: 2015-2016): \u201cFam\u00edlies monoparentals i vulnerabilitat social per viol\u00e8ncia de g\u00e8nere\u201d. Adriana Silvia Abrameto.<\/p>\n\n\n\n<p>\u201cLa implementaci\u00f3 de les pol\u00edtiques p\u00fabliques en l\u2019atenci\u00f3 de la viol\u00e8ncia en el context de la parella a la ciutat de Viedma\u201d. N\u00e9lida Beatriz cheuque<\/p>\n\n\n\n<p>\u201cPol\u00edtiques de cura des d\u2019una perspectiva feminista. Les prestacions diner\u00e0ries i les pol\u00edtiques de temps a l\u2019Argentina el context de crisi financera (2003-2015)\u201d. Mariana Rulli<\/p>\n\n\n\n<p>20 h: Tancament del seminari per Dino Di Nella<\/p>\n\n\n\n<hr class=\"wp-block-separator has-alpha-channel-opacity\"\/>\n\n\n\n<p><strong>Programa III Edici\u00f3 (2015-2016): \u201cPol\u00edtiques i diversitat familiar\u201d<\/strong><\/p>\n\n\n\n<p>Del 16 al 18 de setembre de 2015 (<strong><a href=\"https:\/\/www.unrn.edu.ar\/home\" target=\"_blank\" rel=\"noreferrer noopener\">Universitat Nacional de Riu Negre<\/a><\/strong>)<\/p>\n\n\n\n<p>16 de setembre de 2015<\/p>\n\n\n\n<p>Primera Sessi\u00f3.<\/p>\n\n\n\n<p>NOCIONS I DEBATS SOBRE LA DIVERSITAT FAMILIAR, a c\u00e0rrec de Mariana Rulli<\/p>\n\n\n\n<p>REPRESENTACIONS I CONSTRUCCI\u00d3 DELS MODELS FAMILIARS, a c\u00e0rrec d\u2019Adriana Silvia Abrameto<\/p>\n\n\n\n<p>Segona Sessi\u00f3.<\/p>\n\n\n\n<p>TEMPS, TREBALLS I FAM\u00cdLIES, a c\u00e0rrec de N\u00e9lida Beatriz cheuque<\/p>\n\n\n\n<p>POL\u00cdTIQUES I PR\u00c0CTIQUES DE CURES, a c\u00e0rrec de Romina Natalia Alcaraz<\/p>\n\n\n\n<p>18 de setembre de 2015<\/p>\n\n\n\n<p>Tercera Sessi\u00f3.<\/p>\n\n\n\n<p>FAM\u00cdLIA I RELACIONS DE RECIPROCITAT, a c\u00e0rrec de Javier Ovidi Serrano i Elisabet Almeda Samaranch<\/p>\n\n\n\n<p>MARC Sociojur\u00eddic DE LES FAM\u00cdLIES MONOPARENTALS A RIU NEGRE a c\u00e0rrec Dino Di Nella, Alejandro Cornide, Camila Loggiacco<\/p>\n\n\n\n<p>Quarta Sessi\u00f3.<\/p>\n\n\n\n<p>PERFILS DE LA MONOPARENTALITAT: EXPERI\u00c8NCIES AMB ENTREVISTES A FONS, a c\u00e0rrec de Mariela Escuer, Mariana Rulli, Soledad Vercellino, Natalia Verteramo i Berenice Anaya<\/p>\n\n\n\n<hr class=\"wp-block-separator has-alpha-channel-opacity\"\/>\n\n\n\n<p><strong>Programa II\u00ba Edici\u00f3 (2014-2015): \u201cPol\u00edtiques, diversitat familiar i fam\u00edlies monoparentals des d\u2019una perspectiva de g\u00e8nere\u201d&nbsp;<\/strong>(<a href=\"https:\/\/www.unrn.edu.ar\/home\" target=\"_blank\" rel=\"noreferrer noopener\"><strong>Universidad Nacional de R\u00edo Negro<\/strong><\/a>)<\/p>\n\n\n\n<p>Del 27 d\u2019agost al 27 de setembre de 2014<\/p>\n\n\n\n<p>27 d\u2019agost de 2014<\/p>\n\n\n\n<p>Primera Sessi\u00f3.<\/p>\n\n\n\n<p>M\u00f2dul I: TRANSFORMACIONS I POL\u00cdTIQUES FAMILIARS EN ELS R\u00c8GIMS DE BENESTAR, a c\u00e0rrec d\u2019Elisabet Almeda<\/p>\n\n\n\n<p>3 de setembre de 2014<\/p>\n\n\n\n<p>Primera Sessi\u00f3.<\/p>\n\n\n\n<p>M\u00f2dul II: TEMPS, TREBALLS, BENESTAR I FAM\u00cdLIES, a c\u00e0rrec de Dino Di Nella<\/p>\n\n\n\n<p>10 de setembre de 2014<\/p>\n\n\n\n<p>Tercera Sessi\u00f3.<\/p>\n\n\n\n<p>M\u00f2dul III: PER A UN ENFOCAMENT INTEGRAL DE LES FAM\u00cdLIES MONOPARENTALS, a c\u00e0rrec d\u2019Elisabet Almeda i Dino Di Nella<\/p>\n\n\n\n<hr class=\"wp-block-separator has-alpha-channel-opacity\"\/>\n\n\n\n<p><strong>Programa I\u00ba Edici\u00f3: \u201cPol\u00edtiques i diversitat familiar des d\u2019una perspectiva de g\u00e8nere\u201d<\/strong><\/p>\n\n\n\n<p>Del 6 de juny al 8 de juliol de 2011 (<strong><a href=\"https:\/\/www.uncoma.edu.ar\/\" target=\"_blank\" rel=\"noreferrer noopener\">Universitat Nacional del Comahue<\/a><\/strong>)<\/p>\n\n\n\n<p>6 de juny de 2011<\/p>\n\n\n\n<p>Primera Sessi\u00f3.<\/p>\n\n\n\n<p>M\u00f2dul I: TRANSFORMACIONS I POL\u00cdTIQUES FAMILIARS EN ELS R\u00c8GIMS DE BENESTAR, a c\u00e0rrec d\u2019Elisabet Almeda<\/p>\n\n\n\n<p>13 de juny de 2011<\/p>\n\n\n\n<p>Primera Sessi\u00f3.<\/p>\n\n\n\n<p>M\u00f2dul II: TEMPS, TREBALLS, BENESTAR I FAM\u00cdLIES, a c\u00e0rrec de Dino Di Nella<\/p>\n\n\n\n<p>21 de juny de 2011<\/p>\n\n\n\n<p>Tercera Sessi\u00f3.<\/p>\n\n\n\n<p>M\u00f2dul III: PER A UN ENFOCAMENT INTEGRAL DE LES FAM\u00cdLIES MONOPARENTALS, a c\u00e0rrec d\u2019Elisabet Almeda i Dino Di Nella<\/p>\n\n\n\n<p><em>(\u00daltima Actualitzaci\u00f3: 08\/04\/2021)<\/em><\/p>\n","protected":false},"excerpt":{"rendered":"<p>Pol\u00edtiques i diversitat familiar\u00a0\u00e9s un Seminari realitzat en la modalitat de taller obert a la comunitat, en el marc de les activitats impulsades des del\u00a0Col\u00b7lectiu Copolis-Adalqu\u00ed. A les sessions es<a href=\"https:\/\/elisabetalmeda.cat\/index.php\/seminari-sobre-politiques-i-diversitat-familiar\/\" class=\"more-link\"><span class=\"more-button\">Continue reading<span class=\"screen-reader-text\">Seminari sobre \u201cPol\u00edtiques i Diversitat Familiar\u201d<\/span><\/span><\/a><\/p>\n","protected":false},"author":1,"featured_media":0,"parent":0,"menu_order":0,"comment_status":"closed","ping_status":"closed","template":"","meta":{"footnotes":""},"class_list":["post-299","page","type-page","status-publish","hentry"],"_links":{"self":[{"href":"https:\/\/elisabetalmeda.cat\/index.php\/wp-json\/wp\/v2\/pages\/299","targetHints":{"allow":["GET"]}}],"collection":[{"href":"https:\/\/elisabetalmeda.cat\/index.php\/wp-json\/wp\/v2\/pages"}],"about":[{"href":"https:\/\/elisabetalmeda.cat\/index.php\/wp-json\/wp\/v2\/types\/page"}],"author":[{"embeddable":true,"href":"https:\/\/elisabetalmeda.cat\/index.php\/wp-json\/wp\/v2\/users\/1"}],"replies":[{"embeddable":true,"href":"https:\/\/elisabetalmeda.cat\/index.php\/wp-json\/wp\/v2\/comments?post=299"}],"version-history":[{"count":1,"href":"https:\/\/elisabetalmeda.cat\/index.php\/wp-json\/wp\/v2\/pages\/299\/revisions"}],"predecessor-version":[{"id":300,"href":"https:\/\/elisabetalmeda.cat\/index.php\/wp-json\/wp\/v2\/pages\/299\/revisions\/300"}],"wp:attachment":[{"href":"https:\/\/elisabetalmeda.cat\/index.php\/wp-json\/wp\/v2\/media?parent=299"}],"curies":[{"name":"wp","href":"https:\/\/api.w.org\/{rel}","templated":true}]}}