{"id":295,"date":"2025-08-27T14:15:10","date_gmt":"2025-08-27T14:15:10","guid":{"rendered":"https:\/\/elisabetalmeda.cat\/?page_id=295"},"modified":"2025-08-27T14:15:12","modified_gmt":"2025-08-27T14:15:12","slug":"seminari-analisi-critica-del-control-social","status":"publish","type":"page","link":"https:\/\/elisabetalmeda.cat\/index.php\/seminari-analisi-critica-del-control-social\/","title":{"rendered":"Seminari \u201cAn\u00e0lisi Cr\u00edtica del Control Social\u201d"},"content":{"rendered":"\n<p>El Seminari d&#8217;\u201dAn\u00e0lisi Cr\u00edtica del Control Social\u201d, de car\u00e0cter permanent i obert, procura analitzar, problematitzar i reflexionar al voltant de les sis paraules claus de COPOLIS -les que defineixen els seus continguts i eixos transversals-: benestar, comunitat, control social, g\u00e8nere, drets humans i pluralisme metodol\u00f2gic. Amb aquest seminari es procura principalment la formaci\u00f3 i articulaci\u00f3 interna entre els integrants del grup, realitzant trobades presencials o a dist\u00e0ncia de manera anual.<\/p>\n\n\n\n<p>Pel seu car\u00e0cter transversal, les sessions solen ser coorganitzades de manera rotativa amb altres membres de Copolis, a partir d\u2019exposicions de membres o convidats\/des i amb din\u00e0miques de treball grupal. La programaci\u00f3 -a c\u00e0rrec de Dino Di Nella i Clara Camps- sol establir-se de manera emergent segons els interessos i necessitats del grup en cada moment. Entre les persones que han exposat en el Seminari es troben Dino Di Nella, Elisabet Almeda, Eduardo Galeano, N\u00faria Verg\u00e9s, Daniel Bobadilla, Joaquina Erviti, Carlos Iv\u00e1n Pacheco i Esther Batalla, Horaci Vertbisky, Xavier Vinader, Jos\u00e9 Antonio Rodr\u00edguez, Diego Torrente, Enric Duran, D\u00eddac S\u00e1nchez-Costa, Miriam Adelman, Gemma Nicolau, Yago Di Nella, Pilar Castells, Ignacio Gonz\u00e1lez S\u00e1nchez, Lo\u00efc Wacquant, Rosanna Hertz, Anna Morero i Rosa Ortiz, Aritz Garc\u00eda G\u00f3mez i Nelson Rapiman, entre d\u2019altres.<\/p>\n\n\n\n<p>Entre els temes abordats al Seminari des de l\u2019inaugural curs 2005-2006 es troben:<\/p>\n\n\n\n<ul class=\"wp-block-list\">\n<li>15. COMUNITAT, CONTROL SOCIAL, DRETS HUMANS: Nacions sense estat i pobles marginats: Pa\u00efsos Catalans, repressi\u00f3 estatal espanyola i persecuci\u00f3 politicojudicial de la desobedi\u00e8ncia civil (Sandra Obiol Franc\u00e8s, Pau Grau, Elisabet Almeda Samaranch, Dino Di Nella); (<strong><a href=\"https:\/\/www.ub.edu\/web\/portal\/ca\/\" target=\"_blank\" rel=\"noreferrer noopener\">Universitat de Barcelona<\/a><\/strong>, \u200b\u200b<strong><a href=\"https:\/\/www.uv.es\/\" target=\"_blank\" rel=\"noreferrer noopener\">Universitat de Val\u00e8ncia<\/a><\/strong>,\u00a0<a href=\"https:\/\/www.ub.edu\/copolis\/ca\/copolis-adalqui-3\/\"><strong>Grup Copolis-Adalqu\u00ed<\/strong><\/a>; Curs 2019-2020)<\/li>\n\n\n\n<li>14. G\u00c8NERE, BENESTAR: Confer\u00e8ncies sobre \u201cCadenes globals de cura\u201d (Rosa Ortiz Monera); \u201cUna aproximaci\u00f3 metodol\u00f2gica a l\u2019estudi te\u00f2ric-emp\u00edric de problemes bio\u00e8tics complexos\u201d (Irene Cambra Badii); \u201cCrisi multidimensional i estrat\u00e8gies locals\u201d (Ivet Oriols Vadell) (<strong><a href=\"https:\/\/www.ub.edu\/web\/portal\/ca\/\" target=\"_blank\" rel=\"noreferrer noopener\">Universitat de Barcelona<\/a><\/strong>, \u200b\u200bCurs 2018-2019)<\/li>\n\n\n\n<li>13. CONTROL SOCIAL, DRETS HUMANS: Confer\u00e8ncia sobre \u201cCriminalitzaci\u00f3 i repressi\u00f3. Estudi de cas a Catalunya\u201d. Amb Clara Camps Calvet (<strong><a href=\"https:\/\/www.ub.edu\/web\/portal\/ca\/\" target=\"_blank\" rel=\"noreferrer noopener\">Universitat de Barcelona<\/a><\/strong>, \u200b\u200bCurs 2017-2018)<\/li>\n\n\n\n<li>12. G\u00c8NERE, BENESTAR: Confer\u00e8ncia sobre \u201cEls treballs de cures des d\u2019una perspectiva global: El cas de les empleades dom\u00e8stiques\u201d. Amb Rosa Ortiz Monera (<strong><a href=\"https:\/\/www.ub.edu\/web\/portal\/ca\/\" target=\"_blank\" rel=\"noreferrer noopener\">Universitat de Barcelona<\/a><\/strong>, \u200b\u200bCurs 2016-2017)<\/li>\n\n\n\n<li>11. COMUNITAT, DRETS HUMANS, PLURALISME METODOL\u00d2GIC: Seminari-Taller sobre \u201cComunitats maputxes; reclams de just\u00edcia. Troballes i restituci\u00f3 de restes humanes de comunitats ind\u00edgenes. Procediments i \u201cbones pr\u00e0ctiques\u201d. Amb Nelson Rapiman, referents de comunitats maputxes de Riu Negre i Chubut, i t\u00e8cnics, professionals i acad\u00e8mics especialitzats en la tem\u00e0tica, Curs 2015-2016)<\/li>\n\n\n\n<li>10. COMUNITAT, CONTROL SOCIAL: Seminari sobre debats contemporanis: \u201cEspanya es trenca?.Catalunya: el debat independentista\u201d. Amb Elisabet Almeda (<a href=\"https:\/\/www.ub.edu\/web\/portal\/ca\/\" target=\"_blank\" rel=\"noreferrer noopener\"><strong>Universitat de Barcelona<\/strong><\/a>), Mg. Aritz Garc\u00eda G\u00f3mez (<a href=\"https:\/\/www.unrn.edu.ar\/home\" target=\"_blank\" rel=\"noreferrer noopener\"><strong>Universitat Nacional de R\u00edo Negro<\/strong><\/a>\u2013<strong><a href=\"https:\/\/www.uab.cat\/\" target=\"_blank\" rel=\"noreferrer noopener\">Universitat Aut\u00f2noma de Barcelona<\/a><\/strong>), Mg. Dino Di Nella (<a href=\"https:\/\/www.unrn.edu.ar\/home\" target=\"_blank\" rel=\"noreferrer noopener\"><strong>Universitat Nacional de Riu Negre<\/strong><\/a>) i Dr. Javier Serrano (<a href=\"https:\/\/www.unrn.edu.ar\/home\" target=\"_blank\" rel=\"noreferrer noopener\"><strong>Universitat Nacional de Riu Negre<\/strong><\/a>, curs 2014-2015)<\/li>\n\n\n\n<li>9. G\u00c8NERE, PLURALISME METODOL\u00d2GIC: Seminari sobre \u201cA critical analysis of Rosanna Hertz Theoretical and Methodological approach\u201d (<a href=\"https:\/\/www.ub.edu\/web\/portal\/ca\/\" target=\"_blank\" rel=\"noreferrer noopener\"><strong>Universitat de Barcelona<\/strong><\/a>\u00a0\u2013\u00a0<strong><a href=\"https:\/\/www.unrn.edu.ar\/home\" target=\"_blank\" rel=\"noreferrer noopener\">Universitat Nacional de Riu Negre<\/a><\/strong>, conjuntament amb 10\u00ba TTM: desembre 2013; Amb Rosanna Hertz, Anna Morero i Rosa Ortiz, entre d\u2019altres, Curs 2013-2014)<\/li>\n\n\n\n<li>8. BENESTAR, COMUNITAT, CONTROL SOCIAL, G\u00c8NERE, DRETS HUMANS, PLURALISME METODOL\u00d2GIC: Seminari sobre \u201cAn\u00e0lisi cr\u00edtica de la perspectiva te\u00f2rica i metodol\u00f2gica de Lo\u00efc Wacquant: La construcci\u00f3 d\u2019un marc anal\u00edtic\u201d (<strong><a href=\"https:\/\/www.ub.edu\/web\/portal\/ca\/\" target=\"_blank\" rel=\"noreferrer noopener\">Universitat de Barcelona<\/a><\/strong>\u00a0\u2013\u00a0<strong><a href=\"https:\/\/www.unrn.edu.ar\/home\" target=\"_blank\" rel=\"noreferrer noopener\">Universitat Nacional de Riu Negre<\/a><\/strong>, amb 9\u00e8 TTM i GEISPE, amb Lo\u00efc Wacquant i Ignacio Gonz\u00e1lez S\u00e1nchez, entre d\u2019altres, Curs 2012-2013)<\/li>\n\n\n\n<li>7. CONTROL SOCIAL: Seminari sobre \u201cControl Social i C\u00e0stig: nous paradigmes en un m\u00f3n en crisi\u201d (<strong><a href=\"https:\/\/www.ub.edu\/web\/portal\/ca\/\" target=\"_blank\" rel=\"noreferrer noopener\">Universitat de Barcelona<\/a><\/strong>\u00a0\u2013\u00a0<strong><a href=\"https:\/\/www.unrn.edu.ar\/home\" target=\"_blank\" rel=\"noreferrer noopener\">Universitat Nacional de Riu Negre<\/a><\/strong>, conjuntament amb Seminari sobre Temes actuals i futurs de la Sociologia del Control Penal, amb Elisabet Almeda, Jaume Asens, David Fern\u00e1ndez, Alejandro Forero i Gerado Pisarello, curs 2011-2012)<\/li>\n\n\n\n<li>6. DRETS HUMANS, PLURALISME METODOL\u00d2GIC: Seminari sobre \u201cPerspectives metodol\u00f2giques des dels drets humans: aplicacions a la mem\u00f2ria i dignitat dels morts\u201d (amb 7\u00ba TTM: amb Yago Di Nella i Pilar Castells, curs 2010-2011)<\/li>\n\n\n\n<li>5. G\u00c8NERE: Seminari sobre \u201cG\u00e8nere, feminisme i teoria social contempor\u00e0nia\u201d (amb 6\u00e8 TTM: amb Miriam Adelman i Gema Nicol\u00e1s, curs 2009-2010)<\/li>\n\n\n\n<li>4. COMUNITAT: Seminari sobre \u201cExperi\u00e8ncies alternatives d\u2019autogesti\u00f3 comunit\u00e0ria\u201d (amb Enric Duran i D\u00eddac S\u00e1nchez-Costa, curs 2008-2009)<\/li>\n\n\n\n<li>3. COMUNIDAD Y CONTROL SOCIAL. Di\u00e0logos per a la mem\u00f2ria (amb Eduardo Galeano y Dino Di Nella, curs 2007-2008). Edici\u00f3 especial: G\u00c9NERO: Seminari sobre \u201cLa categoria G\u00e8nere a debat: aplicaci\u00f3 a les nocions de paternitat i maternitat, per a la construcci\u00f3 d\u2019un objecte d\u2019estudi\u201d (amb 4\u00ba TTM, amb Joaquina Erviti, Carlos Iv\u00e1n Pacheco i Esther Batalla, curs 2007 -2008)<\/li>\n\n\n\n<li>2. BIENESTAR: Seminari sobre \u201cPa\u00efsos i processos socials\u201d (<strong><a href=\"https:\/\/www.ub.edu\/web\/portal\/ca\/\" target=\"_blank\" rel=\"noreferrer noopener\">Universitat de Barcelona<\/a><\/strong>, \u200b\u200bamb Dino Di Nella i Elisabet Almeda, curs 2006-2007)<\/li>\n\n\n\n<li>1. BIENESTAR, COMUNIDAD Y CONTROL SOCIAL: Seminari sobre \u201cLa investigaci\u00f3n social del Grupo Copolis\u201d (<a href=\"https:\/\/www.ub.edu\/web\/portal\/ca\/\" target=\"_blank\" rel=\"noreferrer noopener\"><strong>Universitat de Barcelona<\/strong><\/a>, \u200b\u200bamb Dino Di Nella i Elisabet Almeda, curs 2005-2006)<\/li>\n<\/ul>\n\n\n\n<p><em>(Darrera Actualitzaci\u00f3: 08\/04\/2021)<\/em><\/p>\n","protected":false},"excerpt":{"rendered":"<p>El Seminari d&#8217;\u201dAn\u00e0lisi Cr\u00edtica del Control Social\u201d, de car\u00e0cter permanent i obert, procura analitzar, problematitzar i reflexionar al voltant de les sis paraules claus de COPOLIS -les que defineixen els<a href=\"https:\/\/elisabetalmeda.cat\/index.php\/seminari-analisi-critica-del-control-social\/\" class=\"more-link\"><span class=\"more-button\">Continue reading<span class=\"screen-reader-text\">Seminari \u201cAn\u00e0lisi Cr\u00edtica del Control Social\u201d<\/span><\/span><\/a><\/p>\n","protected":false},"author":1,"featured_media":0,"parent":0,"menu_order":0,"comment_status":"closed","ping_status":"closed","template":"","meta":{"footnotes":""},"class_list":["post-295","page","type-page","status-publish","hentry"],"_links":{"self":[{"href":"https:\/\/elisabetalmeda.cat\/index.php\/wp-json\/wp\/v2\/pages\/295","targetHints":{"allow":["GET"]}}],"collection":[{"href":"https:\/\/elisabetalmeda.cat\/index.php\/wp-json\/wp\/v2\/pages"}],"about":[{"href":"https:\/\/elisabetalmeda.cat\/index.php\/wp-json\/wp\/v2\/types\/page"}],"author":[{"embeddable":true,"href":"https:\/\/elisabetalmeda.cat\/index.php\/wp-json\/wp\/v2\/users\/1"}],"replies":[{"embeddable":true,"href":"https:\/\/elisabetalmeda.cat\/index.php\/wp-json\/wp\/v2\/comments?post=295"}],"version-history":[{"count":1,"href":"https:\/\/elisabetalmeda.cat\/index.php\/wp-json\/wp\/v2\/pages\/295\/revisions"}],"predecessor-version":[{"id":296,"href":"https:\/\/elisabetalmeda.cat\/index.php\/wp-json\/wp\/v2\/pages\/295\/revisions\/296"}],"wp:attachment":[{"href":"https:\/\/elisabetalmeda.cat\/index.php\/wp-json\/wp\/v2\/media?parent=295"}],"curies":[{"name":"wp","href":"https:\/\/api.w.org\/{rel}","templated":true}]}}