{"id":19,"date":"2019-01-08T13:31:15","date_gmt":"2019-01-08T13:31:15","guid":{"rendered":"https:\/\/elisabetalmeda.wordpress.com\/?page_id=19"},"modified":"2025-09-03T20:55:56","modified_gmt":"2025-09-03T20:55:56","slug":"breu-curriculum-vitae","status":"publish","type":"page","link":"https:\/\/elisabetalmeda.cat\/index.php\/breu-curriculum-vitae\/","title":{"rendered":"Breu Curriculum Viate de l&#8217;Elisabet Almeda Samaranch"},"content":{"rendered":"\n<h4 class=\"wp-block-heading\"><br><\/h4>\n\n\n<div class=\"wp-block-image\">\n<figure class=\"alignleft size-full\"><img loading=\"lazy\" decoding=\"async\" width=\"336\" height=\"336\" src=\"https:\/\/elisabetalmeda.cat\/wp-content\/uploads\/2019\/01\/cropped-cropped-elisabet-almeda-samaranch.jpg\" alt=\"\" class=\"wp-image-85\" srcset=\"https:\/\/elisabetalmeda.cat\/wp-content\/uploads\/2019\/01\/cropped-cropped-elisabet-almeda-samaranch.jpg 336w, https:\/\/elisabetalmeda.cat\/wp-content\/uploads\/2019\/01\/cropped-cropped-elisabet-almeda-samaranch-300x300.jpg 300w, https:\/\/elisabetalmeda.cat\/wp-content\/uploads\/2019\/01\/cropped-cropped-elisabet-almeda-samaranch-150x150.jpg 150w\" sizes=\"auto, (max-width: 336px) 100vw, 336px\" \/><\/figure>\n<\/div>\n\n\n<p class=\"has-text-align-left\">Catedr\u00e0tica de sociologia del Departament de Sociologia de la Universitat de Barcelona. Membre del Grup interuniverstari Copolis \u201cBenestar, Comunitat i Control Social\u201d, adscrit a la Universitat de Barcelona (GRC). Doctora en Sociologia per la Universitat Aut\u00f2noma de Barcelona i M\u00e0ster en \u201cSocial Welfare and Social Planning\u201d per la Universitat de Kent, a Canterbury, Postgrau del \u201cCommon Study Programme on Criminal Justice and Critical Criminology\u201d de la UB i llicenciada en Ci\u00e8ncies Econ\u00f2miques i Empresarials de la UB.\u00a0<\/p>\n\n\n\n<p>La meva tasca d\u2019investigaci\u00f3 i docent es desenvolupa en diferents grans \u00e0mbits: sistemes d\u2019execuci\u00f3 penal (control social, delinq\u00fc\u00e8ncia femenina, presons de dones), canvis i pol\u00edtiques familiars (fam\u00edlies monoparentals\/monomarentals, ruptures d\u2019unions, pol\u00edtiques familiars comparades), mem\u00f2ria i identitat (vida quotidiana i dictadura, pobles nacions sense estat, feminismes i dret a l&#8217;autodeterminaci\u00f3, vida rural i pagesia) i altres tem\u00e0tiques (benestar, cures i pandemies). En tots ells, he dut a terme diverses recerques i he publicat varis llibres i articles cient\u00edfics i de divulgaci\u00f3 social. He participat a diverses xarxes, comissions i associacions sobre els meus temes d\u2019estudi, entre les que puc destacar la coordinaci\u00f3 i membresia de la Xarxa Tem\u00e0tica Internacional sobre G\u00e8nere i Sistema Penal (Xarxa Geispe; 2009-2018) i de la Xarxa Tem\u00e0tica Internacional d\u2019Investigaci\u00f3 sobre Fam\u00edlies Monoparentals (Xarxa TIIFAMO,<a href=\"http:\/\/www.tiifamo.net\/\">www.tiifamo.net<\/a>\u00a0; 2008-2018).<\/p>\n\n\n\n<p>En aquests \u00e0mbits de recerca, compto amb la participaci\u00f3 en m\u00e9s de 30 projectes de recerca fonamental R+D (amb m\u00e9s de 20 projectes amb el seu lideratge, i 7 de projectes europeus o d&#8217;altres entitats internacionals), 20 contractes o convenis de transfer\u00e8ncia i\/o investigaci\u00f3 aplicada, 10 Estades en Centres de R+D+I p\u00fablics o privats, 100 Treballs presentats en congressos nacionals o internacionals, i 60 Publicacions, documents cient\u00edfics i t\u00e8cnics.<\/p>\n\n\n\n<p>Actualment, des de la Universitat de Barcelona, coordino el <a href=\"https:\/\/web.ub.edu\/web\/estudis\/w\/doctorat-hdk1k?presentation\" target=\"_blank\" rel=\"noreferrer noopener\">Programa de doctorat Interuniversitari en Estudis de G\u00e8nere: Cultures, Societats i Pol\u00edtiques<\/a> , co-coordino el Postgrau de Pol\u00edtiques d&#8217;Igualtat de G\u00e8nere a la Gesti\u00f3 P\u00fablica, de la UB; i les assignatures de Sociologia de la Fam\u00edlia i Cicle Vital i Sociologia dels G\u00e8neres (<a href=\"https:\/\/web.ub.edu\/web\/facultat-economia-empresa\/w\/infograu-grau-g1018\" target=\"_blank\" rel=\"noreferrer noopener\">Grau en Sociologia<\/a>), Economia Feminista i Benestar, fam\u00edlies i g\u00e8nere (<a href=\"https:\/\/web.ub.edu\/web\/estudis\/w\/masteruniversitari-m0x08\" target=\"_blank\" rel=\"noreferrer noopener\">M\u00e0ster Interuniversitari en Estudis de Dones, G\u00e8nere i Ciutadania<\/a>), i Tutories doctorals (<a href=\"https:\/\/web.ub.edu\/web\/estudis\/w\/doctorat-hdk1k?presentation\" target=\"_blank\" rel=\"noreferrer noopener\">Programa de doctorat Interuniversitari en Estudis de G\u00e8nere: Cultures, Societats i Pol\u00edtiques<\/a>)<br><\/p>\n\n\n\n<div style=\"height:49px\" aria-hidden=\"true\" class=\"wp-block-spacer\"><\/div>\n\n\n\n<p class=\"has-text-align-right\"><em>(Darrera Actualitzaci\u00f3: 01 de maig de 202<\/em>5)<\/p>\n\n\n\n<p><\/p>\n","protected":false},"excerpt":{"rendered":"<p>Catedr\u00e0tica de sociologia del Departament de Sociologia de la Universitat de Barcelona. Membre del Grup interuniverstari Copolis \u201cBenestar, Comunitat i Control Social\u201d, adscrit a la Universitat de Barcelona (GRC). Doctora<a href=\"https:\/\/elisabetalmeda.cat\/index.php\/breu-curriculum-vitae\/\" class=\"more-link\"><span class=\"more-button\">Continue reading<span class=\"screen-reader-text\">Breu Curriculum Viate de l&#8217;Elisabet Almeda Samaranch<\/span><\/span><\/a><\/p>\n","protected":false},"author":1,"featured_media":0,"parent":0,"menu_order":0,"comment_status":"closed","ping_status":"closed","template":"","meta":{"footnotes":""},"class_list":["post-19","page","type-page","status-publish","hentry"],"_links":{"self":[{"href":"https:\/\/elisabetalmeda.cat\/index.php\/wp-json\/wp\/v2\/pages\/19","targetHints":{"allow":["GET"]}}],"collection":[{"href":"https:\/\/elisabetalmeda.cat\/index.php\/wp-json\/wp\/v2\/pages"}],"about":[{"href":"https:\/\/elisabetalmeda.cat\/index.php\/wp-json\/wp\/v2\/types\/page"}],"author":[{"embeddable":true,"href":"https:\/\/elisabetalmeda.cat\/index.php\/wp-json\/wp\/v2\/users\/1"}],"replies":[{"embeddable":true,"href":"https:\/\/elisabetalmeda.cat\/index.php\/wp-json\/wp\/v2\/comments?post=19"}],"version-history":[{"count":9,"href":"https:\/\/elisabetalmeda.cat\/index.php\/wp-json\/wp\/v2\/pages\/19\/revisions"}],"predecessor-version":[{"id":507,"href":"https:\/\/elisabetalmeda.cat\/index.php\/wp-json\/wp\/v2\/pages\/19\/revisions\/507"}],"wp:attachment":[{"href":"https:\/\/elisabetalmeda.cat\/index.php\/wp-json\/wp\/v2\/media?parent=19"}],"curies":[{"name":"wp","href":"https:\/\/api.w.org\/{rel}","templated":true}]}}