{"id":110,"date":"2025-02-14T15:43:58","date_gmt":"2025-02-14T15:43:58","guid":{"rendered":"https:\/\/elisabetalmeda.cat\/?page_id=110"},"modified":"2025-09-05T12:01:39","modified_gmt":"2025-09-05T12:01:39","slug":"trajectoriaacademica","status":"publish","type":"page","link":"https:\/\/elisabetalmeda.cat\/index.php\/trajectoriaacademica\/","title":{"rendered":"Traject\u00f2ria Acad\u00e8mica"},"content":{"rendered":"\n<p><\/p>\n\n\n\n<p>S\u00f3c Elisabet Almeda Samaranch, catedr\u00e0tica de Sociologia al Departament de Sociologia de la Universitat de Barcelona. La meva traject\u00f2ria acad\u00e8mica ha estat guiada per la voluntat de comprendre les transformacions socials i de contribuir a la construcci\u00f3 d\u2019una universitat cr\u00edtica, compromesa i oberta al seu entorn.<\/p>\n\n\n\n<p>Despr\u00e9s de llicenciar-me en Ci\u00e8ncies Econ\u00f2miques i Empresarials a la Universitat de Barcelona, vaig aprofundir en l\u2019\u00e0mbit del benestar i les pol\u00edtiques socials, amb un m\u00e0ster en Social Welfare and Social Planning a la University of Kent (Canterbury), i en l&#8217;\u00e0mbit de la criminologia cr\u00edtica a nivell comparat, amb els estudis de postgrau del Common Study Programme on Criminal Justice and Critical Criminology, coordinat per la UB i amb la participaci\u00f3 d&#8217;universitats europees i llatinoamericanes. Finalment, em vaig doctorar en Sociologia a la Universitat Aut\u00f2noma de Barcelona, amb una tesi dedicada a l\u2019an\u00e0lisi del sistema penal i les presons de dones des d&#8217;una perspectiva feminista, que certament va marcar l\u2019inici d\u2019una l\u00ednia de recerca que encara avui \u00e9s central en el meu treball.<\/p>\n\n\n\n<p>He desenvolupat diverses l\u00ednies de recerca que s\u2019han anat entrella\u00e7ant entre elles: l\u2019estudi de les dones transgressores i en conflicte amb el sistema penal, les fam\u00edlies monoparentals i monomarentals, la diversitat familiar i les pol\u00edtiques de cura i benestar, els processos de mem\u00f2ria i la identitat col.lectiva, aix\u00ed com l&#8217;\u00e0mbit de la innovaci\u00f3 docent i les metodologies pedag\u00f2giques. Totes aquestes l\u00ednies responen a un inter\u00e8s constant per abordar les desigualtats i els mecanismes de control social des d\u2019una perspectiva feminista i cr\u00edtica.<\/p>\n\n\n\n<p>En aquest cam\u00ed, he tingut l\u2019oportunitat de fundar i liderar el grup de recerca interuniversitari COPOLIS: Benestar, Comunitat i Control Social, reconegut com a grup consolidat per la Generalitat de Catalunya amb col.legues de la Universitat de Barcelona i d&#8217;altres d&#8217;universitats espanyoles, europees i llatinoamericanes, especialment de l&#8217;Argentina. Amb aquest col\u00b7lectiu hem impulsat projectes competitius i contractes d\u2019investigaci\u00f3 aplicada, publicacions, jornades, congressos, seminaris i xarxes de cooperaci\u00f3 acad\u00e8mica,  sempre amb la voluntat de vincular la recerca amb les problem\u00e0tiques i conflictes socials actuals. Tamb\u00e9 vaig crear i coordinar el grup &nbsp;consolidat d\u2019innovaci\u00f3 docent CEFOCID (Centre de Formaci\u00f3 Continua &nbsp;i Innovaci\u00f3 Docent), des d\u2019on treballem per transformar les pr\u00e0ctiques docents universit\u00e0ries i situar l\u2019alumnat en el centre del proc\u00e9s d\u2019aprenentatge.<\/p>\n\n\n\n<p>He tingut la responsabilitat de coordinar i dissenyar assignatures de nova creaci\u00f3 i espais curriculars d\u2019extensi\u00f3 universit\u00e0ria en diversos ensenyaments de grau, postgrau i doctorat. A m\u00e9s, he impulsat i dirigit postgraus i m\u00e0sters propis en l\u2019\u00e0mbit de la sociologia, les pol\u00edtiques p\u00fabliques i els estudis de les families i els g\u00e8neres. He estat Directora del Departamentt de Sociologia i An\u00e0lisi de les Organitzacions de la Universitat de Barcelona, i actualment coordino el Doctorat Interuniversitari en Estudis de G\u00e8nere: Cultures, Societats i Pol\u00edtiques, un programa compartit per diverses universitats catalanes que constitueix un espai privilegiat per a la formaci\u00f3 avan\u00e7ada en recerca feminista i de g\u00e8nere.<\/p>\n\n\n\n<p>La meva traject\u00f2ria inclou tamb\u00e9 la direcci\u00f3 i participaci\u00f3 en m\u00e9s de vint projectes R+D, set dels quals amb finan\u00e7ament europeu o internacional, i la coordinaci\u00f3 de xarxes tem\u00e0tiques com GEISPE (G\u00e8nere i Sistema Penal), TIIFAMO (Fam\u00edlies Monoparentals) i GENCPOLIS (Xarxa d&#8217;Excel\u00b7l\u00e8ncia en &#8220;G\u00e8nere, Ciutadania i Pol\u00edtiques&#8221;). He publicat m\u00e9s de cents treballs i he presentat m\u00e9s de dos centenars de comunicacions i altres aportacions en congressos, jornades o seminaris. El meu perfil acad\u00e8mic supera les 3.500 cites a Google Scholar (\u00cdndex h: 29, \u00cdndex i10: 48, 2024).<\/p>\n\n\n\n<p>Des dels meus comen\u00e7aments, vaig exercir com a professora associada en diversos centres, entre els quals destacar la Universitat Central de Catalunya (UManresa), l\u2019Escola de Policia de Catalunya, la Universitat Pompeu Fabra, la Universitat Oberta de Catalunya (UOC) i la Universidad Nacional de Educaci\u00f3n a Distancia (UNED), experi\u00e8ncies que em va permetre ampliar la mirada docent i establir vincles amb \u00e0mbits de formaci\u00f3 molt diversos. Aquest recorregut m\u2019ha perm\u00e8s posteriorment, accedir als cossos universitaris, primer com a professora titular (2003) i, m\u00e9s endavant, com a catedr\u00e0tica d\u2019universitat (2017).<\/p>\n\n\n\n<p>Ara b\u00e9, m\u00e9s enll\u00e0 dels reconeixements institucionals, all\u00f2 que considero essencial \u00e9s poder tenir el retorn i el reconeixement que neix de treballar colze a colze amb les persones que, lluny de ser meres destinat\u00e0ries, s\u00f3n les  principals protagonistes dels resultats de la recerca que he desenvolupat. Perqu\u00e8 per a mi, investigar t\u00e9 el seu m\u00e0xim sentit quan contribueix a l\u2019organitzaci\u00f3 comunit\u00e0ria i col\u00b7lectiva dels grups m\u00e9s vulnerabilitzats en els seus drets, de les nostres societats. Per aix\u00f2, al llarg de la meva carrera he impulsat accions de transfer\u00e8ncia i divulgaci\u00f3 que van m\u00e9s enll\u00e0 de l&#8217;espai purament aulic de les classes que imparteixo, com s\u00f3n els programes de difusi\u00f3 cient\u00edfica i social, els seminaris tem\u00e0tics permanents o la promoci\u00f3 de projectes d\u2019autogesti\u00f3 i associacionisme. Alguns exemples s\u00f3n la Fundaci\u00f3 i Associaci\u00f3 d&#8217;acci\u00f3 social i cultural Adalqui (i el seus programes de defensa del patrimoni hist\u00f2ric, cultural i natural dels pobles-nacions sense estat propi), la seva editorial de divulgaci\u00f3 social (Copalqui Editorial), el Col\u00b7lectiu Cassandra (grup autogestionat, format principalment per dones privades de llibertat o sota l&#8217;execuci\u00f3 penal femenina), aix\u00ed com diverses iniciatives de suport, d&#8217;acompanyament i d\u2019associacionisme envers les fam\u00edlies monomarentals.<\/p>\n\n\n\n<p>Altrament, un dels aspectes que m\u00e9s valoro \u00e9s haver pogut contribuir de manera intersectorial, intergeneracional i interinstitucional, a la consolidaci\u00f3 de camps d\u2019estudi que, si b\u00e9 inicialment tenien una pres\u00e8ncia nul\u00b7la o molt escassa a la universitat, avui gaudeixen d\u2019un reconeixement consolidat tant en l\u2019\u00e0mbit acad\u00e8mic ,com en les pol\u00edtiques p\u00fabliques i les agendes socials del nostre pa\u00eds. Aquesta evoluci\u00f3 m\u2019encoratja a continuar aportant coneixement i seguir mantenint un di\u00e0leg constant amb altres investigadores i col\u00b7lectius socials, amb qui tamb\u00e9 compartir aquest portal web.<\/p>\n\n\n\n<p>Finalment, i deixant a part, el que serien les dades quantitatives i qualitatives, penso que per mi, investigar, ensenyar i transferir, no s\u00f3n activitats separades, sin\u00f3 totes elles parts d\u2019un mateix comprom\u00eds: el de posar el coneixement al servei de la construcci\u00f3 d\u2019una societat m\u00e9s justa, equitativa i igualit\u00e0ria.  La meva traject\u00f2ria \u00e9s sobretot la hist\u00f2ria d\u2019un inter\u00e8s constant per comprendre i transformar la realitat social, i de la voluntat de fer de la universitat p\u00fablica un espai obert, cr\u00edtic i comprom\u00e8s amb les persones i col\u00b7lectius que pateixen desigualtats i formes de control social opressiu.<\/p>\n\n\n\n<div style=\"height:77px\" aria-hidden=\"true\" class=\"wp-block-spacer\"><\/div>\n\n\n\n<p><strong><a href=\"https:\/\/elisabetalmeda.cat\/index.php\/breu-curriculum-vitae\/\" target=\"_blank\" rel=\"noreferrer noopener\">Acc\u00e9s al meu CV Breu<\/a><\/strong><\/p>\n\n\n\n<p><strong><a href=\"https:\/\/elisabetalmeda.cat\/wp-content\/uploads\/2025\/09\/2025-ELISABET-ALMEDA-SAMARANCH-CURRICULUM-COMPPLETO-.pdf\" target=\"_blank\" rel=\"noreferrer noopener\">Acc\u00e9s al meu CV Institucional Normalitzat<\/a><\/strong><\/p>\n\n\n\n<p><\/p>\n\n\n\n<div style=\"height:50px\" aria-hidden=\"true\" class=\"wp-block-spacer\"><\/div>\n\n\n\n<p><strong>Vegeu tamb\u00e9:<\/strong><\/p>\n\n\n\n<p><a href=\"https:\/\/elisabetalmeda.cat\/index.php\/docencia-universitaria\/\" target=\"_blank\" rel=\"noreferrer noopener\"><strong>La meva activitat de doc\u00e8ncia universit\u00e0ria actual<\/strong><\/a><\/p>\n\n\n\n<p><a href=\"https:\/\/elisabetalmeda.cat\/index.php\/innovacio-docent\/\" target=\"_blank\" rel=\"noreferrer noopener\"><strong>La meva Innovaci\u00f3 i millora de la qualitat docent universit\u00e0ria<\/strong><\/a><\/p>\n\n\n\n<p><a href=\"https:\/\/webgrec.ub.edu\/webpages\/personal\/cat\/001430_elisabet.almeda.ub.edu.html\" target=\"_blank\" rel=\"noreferrer noopener\"><strong>I m\u00e9s informaci\u00f3 sobre la meva recerca i transferencia, fent click aqu\u00ed<\/strong><\/a><\/p>\n\n\n\n<p class=\"has-text-align-right\"><em>(Darrera Actualitzaci\u00f3: 4 de setembre de 202<\/em>5)<\/p>\n\n\n\n<p><\/p>\n","protected":false},"excerpt":{"rendered":"<p>S\u00f3c Elisabet Almeda Samaranch, catedr\u00e0tica de Sociologia al Departament de Sociologia de la Universitat de Barcelona. La meva traject\u00f2ria acad\u00e8mica ha estat guiada per la voluntat de comprendre les transformacions<a href=\"https:\/\/elisabetalmeda.cat\/index.php\/trajectoriaacademica\/\" class=\"more-link\"><span class=\"more-button\">Continue reading<span class=\"screen-reader-text\">Traject\u00f2ria Acad\u00e8mica<\/span><\/span><\/a><\/p>\n","protected":false},"author":1,"featured_media":0,"parent":0,"menu_order":0,"comment_status":"closed","ping_status":"closed","template":"","meta":{"footnotes":""},"class_list":["post-110","page","type-page","status-publish","hentry"],"_links":{"self":[{"href":"https:\/\/elisabetalmeda.cat\/index.php\/wp-json\/wp\/v2\/pages\/110","targetHints":{"allow":["GET"]}}],"collection":[{"href":"https:\/\/elisabetalmeda.cat\/index.php\/wp-json\/wp\/v2\/pages"}],"about":[{"href":"https:\/\/elisabetalmeda.cat\/index.php\/wp-json\/wp\/v2\/types\/page"}],"author":[{"embeddable":true,"href":"https:\/\/elisabetalmeda.cat\/index.php\/wp-json\/wp\/v2\/users\/1"}],"replies":[{"embeddable":true,"href":"https:\/\/elisabetalmeda.cat\/index.php\/wp-json\/wp\/v2\/comments?post=110"}],"version-history":[{"count":23,"href":"https:\/\/elisabetalmeda.cat\/index.php\/wp-json\/wp\/v2\/pages\/110\/revisions"}],"predecessor-version":[{"id":580,"href":"https:\/\/elisabetalmeda.cat\/index.php\/wp-json\/wp\/v2\/pages\/110\/revisions\/580"}],"wp:attachment":[{"href":"https:\/\/elisabetalmeda.cat\/index.php\/wp-json\/wp\/v2\/media?parent=110"}],"curies":[{"name":"wp","href":"https:\/\/api.w.org\/{rel}","templated":true}]}}