{"id":102,"date":"2025-02-14T15:26:36","date_gmt":"2025-02-14T15:26:36","guid":{"rendered":"https:\/\/elisabetalmeda.cat\/?page_id=102"},"modified":"2025-09-05T12:03:55","modified_gmt":"2025-09-05T12:03:55","slug":"dones-i-sistema-penal","status":"publish","type":"page","link":"https:\/\/elisabetalmeda.cat\/index.php\/dones-i-sistema-penal\/","title":{"rendered":"Dones i Sistema Penal"},"content":{"rendered":"<div class=\"wp-block-image is-style-default\">\n<figure class=\"aligncenter size-full is-resized\"><img loading=\"lazy\" decoding=\"async\" width=\"346\" height=\"474\" src=\"https:\/\/elisabetalmeda.cat\/wp-content\/uploads\/2025\/08\/WhatsApp-Image-2025-08-27-at-10.28.44.jpeg\" alt=\"\" class=\"wp-image-187\" style=\"width:311px;height:auto\" srcset=\"https:\/\/elisabetalmeda.cat\/wp-content\/uploads\/2025\/08\/WhatsApp-Image-2025-08-27-at-10.28.44.jpeg 346w, https:\/\/elisabetalmeda.cat\/wp-content\/uploads\/2025\/08\/WhatsApp-Image-2025-08-27-at-10.28.44-219x300.jpeg 219w\" sizes=\"auto, (max-width: 346px) 100vw, 346px\" \/><\/figure>\n<\/div>\n\n\n<hr class=\"wp-block-separator has-alpha-channel-opacity\"\/>\n\n\n\n<p><strong>Dones i Sistema Penal (1992-2025)<\/strong><\/p>\n\n\n\n<p><a href=\"https:\/\/www.e-elgar.com\/shop\/gbp\/elgar-encyclopedia-of-global-migration-9781035300372.html?srsltid=AfmBOoqsGjKlnpO1pnReJFOt8fyYOEuek9oLBBPsbDcI-3kIg-MMDU7l\" target=\"_blank\" rel=\"noreferrer noopener\">Almeda Samaranch, Elisabet and Camps Calvet, Clara (2025) \u201cImprisonment and migrant women\u201d in Laura Oso; Natalia Ribas-Mateos and Melissa Moralli (Ed.) <em>Elgar Encyclopedia of Global Migration. New Mobilities and Activism<\/em>. pp. 282-284. Cheltenham Glos: Edward Elgar Publishing.<\/a><\/p>\n\n\n\n<p><a href=\"https:\/\/reic.criminologia.net\/index.php\/journal\/article\/view\/699\" target=\"_blank\" rel=\"noreferrer noopener\">Almeda Samaranch, Elisabet; Camps Calvet, Clara y Ortiz Monera, Rosa. (2023). \u201cMujeres, c\u00e1rceles y feminismes\u201d. <em>Revista Espa\u00f1ola De Investigaci\u00f3n Criminol\u00f3gica,<\/em> 20(2), e699.<\/a><\/p>\n\n\n\n<p><a href=\"\"><\/a><a href=\"https:\/\/www.elgaronline.com\/edcollbook\/book\/9781802201260\/9781802201260.xml\" target=\"_blank\" rel=\"noreferrer noopener\">Almeda Samaranch, Elisabet, Camps, Calvet, Clara and Di Nella Dino (2022). \u201cWomen and punishment in Abya Yala\u201d in Saskia. Sassen S. and Natalia Ribas-Mateos (Eds.). <em>Gender, Global-Colonial. A research agenda for gender and global migration beyond western research<\/em>. pp.98-109. Massachuesetts: Edward Elgar Publishing. DOI: 10.4337\/9781802201260.00012<\/a><\/p>\n\n\n\n<p><a href=\"https:\/\/www.pikaramagazine.com\/2020\/04\/carceles-de-mujeres-y-desigualdad-en-epoca-de-coronavirus\/\" target=\"_blank\" rel=\"noreferrer noopener\">Almeda Samaranch, Elisabet (2020). \u201cC\u00e1rceles de mujeres y desigualdades en \u00e9poca de coronavirus\u201d, <em>Pikara online Magazine<\/em>, N\u00fam. 04. (29-04-2020).<\/a><\/p>\n\n\n\n<p><a href=\"https:\/\/revistaidees.cat\/feminismes-repressio-i-control-penal-de-les-dones\/\" target=\"_blank\" rel=\"noreferrer noopener\">Almeda Samaranch, Elisabet i Camps Calvet, Clara (2020). \u201cFeminismes, repressi\u00f3 i control penal de les dones\u201d.<em> Revista&nbsp; IDEES. <\/em>N\u00fam 47 Feminisme(s).<\/a><\/p>\n\n\n\n<p><a href=\"https:\/\/elisabetalmeda.cat\/wp-content\/uploads\/2025\/08\/2019-Desigualdades-y-carceles-de-mujeres.-Voces-y-debates-desde-el-feminismo-2019-Version-digital-1.pdf\" target=\"_blank\" rel=\"noreferrer noopener\">Cantalapiedra Garc\u00eda, Vivianne; Marginet Flinch, M\u00f3nica; Almeda Samaranch, Elisabet (Coords.) (2019): <em>Desigualdades y C\u00e1rceles de mujeres. Voces y debates desde el feminismo<\/em>. Colecci\u00f3n: Mujeres y Sistema Penal. N\u00famero 04, Barcelona. Copalqui Editorial.<\/a><\/p>\n\n\n\n<p>Almeda Samaranch, Elisabet (2019) \u201c Mujeres, exclusi\u00f3n social y sistema penal desde el feminismo. A modo de pr\u00f3logo\u201d en Viviane Cantalapiedra Garc\u00eda; Monica Marginet Flinch, y Elisabet Almeda Samaranch (Coords.) (2019): <em>Desigualdades y C\u00e1rceles de mujeres. Voces y debates desde el feminismo<\/em>. pp: 5-13, Colecci\u00f3n: Mujeres y Sistema Penal. N\u00famero 04, Barcelona. Copalqui Editorial.<\/p>\n\n\n\n<p>Almeda Samaranch, Elisabet i Di Nella, Dino (2019) \u201cPer unes dades, estad\u00edstiques i indicadors no androc\u00e8ntrics de l\u2019execuci\u00f3 penal femenina\u201d en Viviane Cantalapiedra Garc\u00eda; Monica Marginet Flinch, y Elisabet Almeda Samaranch (Coords.) (2019): <em>Desigualdades y C\u00e1rceles de mujeres. Voces y debates desde el feminismo<\/em>. pp: 133-159, Colecci\u00f3n: Mujeres y Sistema Penal. N\u00famero 04, Barcelona. Copalqui Editorial.<\/p>\n\n\n\n<p><a href=\"https:\/\/pol-len.cat\/llibres\/perspectives-feministes-sobre-la-independencia\/\" target=\"_blank\" rel=\"noreferrer noopener\">Almeda Samaranch, Elisabet (2019) \u201c I ara que anem lluny\u201d. Contra l\u2019oblit i l\u2019alteritat de les dones empresonades, a pp: 23- 30, a <em>Terra de ning\u00fa, Volum <\/em>II &nbsp;Perspectives feministes sobre la repressi\u00f3 (2019), Gatamaula, Pol\u00b7len edicions: Barcelona.<\/a><\/p>\n\n\n\n<p><a href=\"https:\/\/papers.uab.cat\/article\/view\/v102-n2-almeda\" target=\"_blank\" rel=\"noreferrer noopener\">Almeda Samaranch, Elisabet (Coord.) (2017). \u201cPresentaci\u00f3n. Enfoques no androc\u00e9ntricos del as c\u00e1rceles de mujeres\u201d en <a href=\"https:\/\/papers.uab.cat\/issue\/view\/v102-n2\" target=\"_blank\" rel=\"noreferrer noopener\"><\/a><em>PAPERS Revista de Sociologia. 102\/2<\/em>. pp.145-148.<\/a><\/p>\n\n\n\n<p><a href=\"https:\/\/papers.uab.cat\/article\/view\/v102-n2-almeda-2\" target=\"_blank\" rel=\"noreferrer noopener\">Almeda Samaranch, Ellisabet (2017). \u201cCriminolog\u00edas feministas, investigaci\u00f3n y c\u00e1rceles de mujeres en Espa\u00f1a\u201d, en <em>PAPERS Revista de Sociologia,<\/em>102\/2. pp.151-181.<\/a><\/p>\n\n\n\n<p><a href=\"https:\/\/papers.uab.cat\/article\/view\/v102-n2-almeda-di-nella\">Almeda Samaranch, Ellisabet y Di Nella, Dino (2017). \u201cMujeres y c\u00e1rceles en Am\u00e9rica Latina. Perspectivas cr\u00edticas y feministas\u201d, en <em>PAPERS Revista de Sociologia.<\/em> 102\/2. pp.183-214.<\/a><\/p>\n\n\n\n<p>Almeda Samaranch, Elisabet (Coord.) (2016). <em>Guia no androc\u00e8ntrica de<\/em> <em>pol\u00edtiques d\u2019execuci\u00f3 penal femenina a Catalunya<\/em>. Col\u00b7lecci\u00f3: Dones i Sistema Penal. N\u00fam. 03, Barcelona: Copalqui Editorial.<\/p>\n\n\n\n<p>Almeda Samaranch, Elisabet (2015). \u201cMujeres, c\u00e1rceles y amores: a modo de pr\u00f3logo\u201d en Estibaliz de Miguel Calvo. <em>Relaciones amorosas de las mujeres encarceladas<\/em>, Serie Ciencias Sociales, n\u00fam. 20. pp. 15-21. Servicio Editorial de la Universidad del Pa\u00eds Vasco. Euskal Herriko Unibertsitateko Argitalpen Zerbitzua.<\/p>\n\n\n\n<p><a href=\"http:\/\/www.praxissociologica.es\/images\/PDF\/2015-19\/praxis19-10.pdf\" target=\"_blank\" rel=\"noreferrer noopener\">Ballesteros, Ana y Almeda Samaranch, Elisabet (2015). \u201cPol\u00edticas de igualdad en las c\u00e1rceles del siglo XXI. Avances, retrocesos y retos en la pr\u00e1ctica del encarcelamiento femenino\u201d. <em>Praxis Sociol\u00f3gica,<\/em> 19. pp. 161-186.<\/a><\/p>\n\n\n\n<p><a href=\"https:\/\/elisabetalmeda.cat\/wp-content\/uploads\/2025\/08\/2015-Protocolo_Ecuador-1.pdf\" target=\"_blank\" rel=\"noreferrer noopener\">Almeda Samaranch, Elisabet y Ballesteros Pena, Ana (2015). Protocolo de atenci\u00f3n a mujeres privadas de libertad, nacionales y extranjeras, en <em>Ecuador, Colecci\u00f3n Documentos de Pol\u00edtica, n\u00ba35<\/em>, \u00c1rea: Just\u00edcia, Eurosocial Programa para la cohesi\u00f3n social en Am\u00e9rica latina. Madrid:&nbsp; Programa EUROsociAL.<\/a><\/p>\n\n\n\n<p><a href=\"https:\/\/elisabetalmeda.cat\/wp-content\/uploads\/2025\/08\/2014-Mujeres-y-ejecucion-penal-2014-Versio-digital.pdf\" target=\"_blank\" rel=\"noreferrer noopener\">Almeda Samaranch, Elisabet (Dir); Di Nella, Dino. (Dir) y Ballesteros, Ana. (Coord.) (2014) (2010) (2\u00aa impresi\u00f3n 2014). <em>Mujeres y ejecuci\u00f3n penal. Debates y experiencias en Espa\u00f1a desde una perspectiva intersectorial<\/em>. Barcelona: Copalqui Editorial.<\/a><\/p>\n\n\n\n<p>Almeda Samaranch, Elisabet (2014). \u201cSobre las mujeres, la exclusi\u00f3n y el control penal-A modo de pr\u00f3logo\u201d en M\u00aa Jos\u00e9 Gea Fern\u00e1ndez; Mario Dom\u00ednguez Sanchez-Pinilla y Igor Sadaba Rodr\u00edguez. <em>Una condena compartida. Un estudio de caso sobre el control penal<\/em>. Madrid: Tierradenadie Ediciones.<\/p>\n\n\n\n<p>Almeda Samaranch, Elisabet; Morero, Anna y Ballesteros, Ana (2013). \u201cLa realidad familiar de las mujeres encarceladas en el sistema penitenciario espa\u00f1ol\u201d <em>en <\/em>Heriberto Cairo Carou y Lucia Finkel Morgenstern (Coord.). <em>Actas del XI Congreso Espa\u00f1ol de Sociolog\u00eda \u2019Crisis y cambio: propuestas desde la Sociolog\u00eda\u2019<\/em> Vol. 1. pp. 217-228.Madrid: Universidad Complutense de Madrid-Federaci\u00f3n Espa\u00f1ola de Sociolog\u00eda.<\/p>\n\n\n\n<p>Almeda Samaranch, Elisabet. (2012). \u201cPr\u00f3logo. Sobre las mujeres, la exclusi\u00f3n y el control penal\u201d en Teresa Agudo Correa; Francisco Manuel Guti\u00e9rrez Romero; Myriam Herrera Moreno, Myriam; Borja Mapelli Caffarena y Barbara Sordi Stock. <em>Mujeres en las c\u00e1rceles de Andaluc\u00eda<\/em>. pp.13-16. Madrid: Editorial Dykinson.<\/p>\n\n\n\n<p><a href=\"https:\/\/papers.ssrn.com\/sol3\/papers.cfm?abstract_id=2115434\" target=\"_blank\" rel=\"noreferrer noopener\">Almeda Samaranch, Elisabet.; Di Nella, Dino.; Navarro, Carmen. (2012). \u201cMujeres, c\u00e1rceles y drogas: datos y reflexiones\u201d. <em>Revista: O\u00f1ati Socio-Legal <\/em>Series. 2 (6), pp.122-145.<\/a><\/p>\n\n\n\n<p><a href=\"http:\/\/www.ub.edu\/copolis\/wp-content\/uploads\/2011\/06\/revista_n2.pdf\" target=\"_blank\" rel=\"noreferrer noopener\">Almeda Samaranch, Elisabet y Di Nella, Dino (2011). \u201cExtranjeras encarceladas. Olvidos y desigualdades\u201d. <em>Revista hachetetep\u00e9<\/em>. 2. pp.33-45.<\/a><\/p>\n\n\n\n<p>Almeda Samaranch, Elisabet; Ana Collado; Dino Di Nella; Carmen Navarro; Carolina Puga y Eug\u00e8nia Ustrell (2011).&nbsp; \u201cEjecuci\u00f3n Penal Femenina: Retos y Pol\u00edticas\u201d en Jos\u00e9 A. Rodr\u00edguez D\u00edaz, Jos\u00e9; Elisabet Almeda Samaranch, (Eds.) <em>Sociolog\u00edas plurales<\/em>. Colecci\u00f3n Textos Universitarios. N\u00fam.10. Barcelona: Copalqui Editorial.<\/p>\n\n\n\n<p>Almeda Samaranch, Elisabet. (2010). \u201cPrivaci\u00f3n de libertad y mujeres extranjeras. Viejos prejuicios y nuevas desigualdades\u201d en Fanny T. A\u00f1a\u00f1os (Coord). <em>Las mujeres en las prisiones. La educaci\u00f3n social en contextos de riesgo y conflicto.<\/em> pp. 201-234. Barcelona: Gedisa.<\/p>\n\n\n\n<p><a href=\"https:\/\/elisabetalmeda.cat\/wp-content\/uploads\/2025\/08\/2010-Execucio-penal-femenina-a-Catalunya-2010-Versio-digital-1.pdf\" target=\"_blank\" rel=\"noreferrer noopener\">Almeda Samaranch, Elisabet (Coord.) (2010). <em>Execuci\u00f3 penal femenina a<\/em> <em>Catalunya des d\u2019una perspectiva feminista comparada. Debats, dades,indicadors i tallers participatius<\/em>. Col\u00b7lecci\u00f3.: Dones i Sistema Penal. N\u00fam.01. Barcelona: Copalqui Editorial.<\/a><\/p>\n\n\n\n<p>Almeda Samaranch, Elisabet (2009) \u201cPor unas nuevas estad\u00edsticas de la ejecuci\u00f3n penal femenina\u201d en Gemma Nicol\u00e1s Lazo, M. Encarnaci\u00f3n Bodel\u00f3n Gonz\u00e1lez, Roberto Bergalli, I\u00f1aki Rivera Beiras (Coord.) <em>G\u00e9nero y dominaci\u00f3n: cr\u00edticas feministas del derecho y el poder<\/em>. pp 211-222. Barcelona: Anthropos.<\/p>\n\n\n\n<p>Almeda Samaranch, Elisabet i Bodel\u00f3n Gonz\u00e1lez, Encarna (Ed.) (2007). <em>Mujeres y castigo: Un enfoque socio-jur\u00eddico y de g\u00e9nero<\/em>. Colecci\u00f3n O\u00f1ate: Derecho y Sociedad. Madrid: Dykinson.&nbsp;&nbsp;&nbsp;&nbsp;&nbsp;<\/p>\n\n\n\n<p>Almeda Samaranch, Elisabet (2007). \u201cEjecuci\u00f3n Penal y Mujer en Espa\u00f1a. Olvido, Castigo y Domesticidad\u201d en Elisabet Almeda y Encarna Bodel\u00f3n (Ed.) <em>Mujeres y castigo. Un enfoque socio-jur\u00eddico y de g\u00e9nero<\/em>. pp.27-66. Madrid: Dykinson<\/p>\n\n\n\n<p>Almeda Samaranch, Elisabet (2006). \u201cLas experiencias familiares de las mujeres encarceladas\u201d en Xavier Roig\u00e9. <em>Familias de ayer, familias de hoy. Continuidades y cambios en Catalunya<\/em>. pp.305-338. Barcelona: Icaria Institut Catal\u00e0 d\u2019Antropologia.<\/p>\n\n\n\n<p>Almeda Samaranch, Elisabet (2006). \u201cDones i presons: passat i present de les presons femenines en Espanya\u201d en <em>La funci\u00f3 social de la pol\u00edtica penitenci\u00e0ria<\/em>. pp. 159-180, Barcelona: Generalitat de Catalunya-Departament de Just\u00edcia.<\/p>\n\n\n\n<p><a href=\"https:\/\/surt.org\/wp-content\/uploads\/2024\/09\/women-integration-and-prison.pdf\" target=\"_blank\" rel=\"noreferrer noopener\">Almeda Samaranch, Elisabet et al. (2005) (Consulting Board) in Cruells, Marta; Igareda, Noelia and SURT Association (Coord.). <em>Women, Integration and Prison. An analysis of the processes of sociolabour Integration of women presoners in Europe. MIP Project<\/em>, Luxembourg: European Comission.<\/a><\/p>\n\n\n\n<p><a href=\"https:\/\/elisabetalmeda.cat\/wp-content\/uploads\/2025\/08\/2005-Politica-Criminal-Y-Sistema-Penal-Rivera-Inaki.pdf\" target=\"_blank\" rel=\"noreferrer noopener\">Almeda Samaranch, Elisabet (2005). \u201cLa pol\u00edtica penal\/penitenciaria en relaci\u00f3n con la mujer: un enfoque de g\u00e9nero\u201d en I\u00f1aki Rivera (Coord.) <em>Pol\u00edtica Criminal y Sistema Penal. Viejas y nuevas racionalidades punitivas<\/em>. pp. 348-366. Barcelona: Anthropos Editorial.<\/a><\/p>\n\n\n\n<p>Almeda Samaranch, Elisabet (2005). \u201cWomen\u2019s imprisonment in Spain\u201d en <em>Punishment and Society. The International Journal of Penology<\/em>, volume 7, number 2, April 2005. pp. 183-199. London: Sage Publications.<\/p>\n\n\n\n<p>Almeda Samaranch, Elisabet; Ribas Mateos, Natalia y Bodel\u00f3n Gonz\u00e1lez, Encarna (2005). <em>Rastreando lo invisible: mujeres inmigrantes en las c\u00e1rceles<\/em>. Colecci\u00f3n Migraciones. Barcelona: Anthropos.<\/p>\n\n\n\n<p><a href=\"https:\/\/omegalfa.es\/downloadfile.php?file=libros\/las.carceles.de.la.democracia.pdf\" target=\"_blank\" rel=\"noreferrer noopener\">Almeda Samaranch, Elisabet (2005). \u201cLas experiencias familiares de las mujeres encarceladas. El caso de Catalu\u00f1a\u201d en <em>Las c\u00e1rceles de la democr\u00e1cia. Del d\u00e9ficit de ciudadan\u00eda a la producci\u00f3n de control.<\/em> pp. 69-104. Madrid: Ediciones Bajo Cero.<\/a><\/p>\n\n\n\n<p><a href=\"https:\/\/dialnet.unirioja.es\/servlet\/articulo?codigo=2281448\" target=\"_blank\" rel=\"noreferrer noopener\">Almeda Samaranch, Elisabet (2005). \u201cPasado y presente de las c\u00e1rceles femeninas en Espa\u00f1a\u201d en <em>Sociol\u00f3gica. Revista de Pensamiento Social<\/em>. n\u00fam 6. pp. 75-106. A Coru\u00f1a: Universidad de A Coru\u00f1a. <\/a><\/p>\n\n\n\n<p>Almeda Samaranch, Elisabet (con la colaboraci\u00f3n de Ana Carvalho) (2004). \u201cAmor entre rejas. Mujeres lesbianas encarceladas\u201d en <em>Revista Zero<\/em> n\u00fam 69. pp. 54-56.&nbsp; Madrid.<\/p>\n\n\n\n<p>Almeda Samaranch, Elisabet (2004). \u201cDones\u201d. Cap\u00edtol. 6 en <em>Observatori del Sistema Penal i els Drets Humans, L\u2019empresonament a Catalunya<\/em>. pp. 177-186. Barcelona: Edicions 1984.<\/p>\n\n\n\n<p>Almeda Samaranch, Elisabet (2003). <em>Mujeres encarceladas<\/em>. Barcelona: Ariel.<\/p>\n\n\n\n<p>Almeda Samaranch, Elisabet (2002). <em>Corregir y castigar. El ayer y hoy de las c\u00e1rceles de mujeres.<\/em> Barcelona: Ediciones Bellaterra.<\/p>\n\n\n\n<p>Almeda Samaranch, Elisabet; Natalia Ribas Mateos, Natalia y Bodel\u00f3n, Encarna (2002).&nbsp; \u201cLa criminilizaci\u00f3n femenina de la inmigraci\u00f3n: Resultados de una investigaci\u00f3n\u201d en F. Javier Garc\u00eda Casta\u00f1o, C. Muriel L\u00f3pez (Eds.) <em>La inmigraci\u00f3n en Espa\u00f1a. Contextos y alternativas.<\/em> pp. 111-123. Volumen II. Granada: Laboratorio de Estudios Interculturales.<\/p>\n\n\n\n<p>Almeda Samaranch, Elisabet (2001). \u201cParticularidades de las c\u00e1rceles de mujeres: un enfoque de g\u00e9nero\u201d. <em>Revista Pan\u00f3ptico<\/em>, n\u00fam.2, nueva \u00e9poca, 2\u00ba semestre 2001. Dossier monogr\u00e1fico: Mujer y c\u00e1rcel. pp. 135-153. Barcelona: Editorial Virus.&nbsp;&nbsp;&nbsp;&nbsp;&nbsp;&nbsp;&nbsp;&nbsp;&nbsp;&nbsp;&nbsp;&nbsp;&nbsp;&nbsp;&nbsp;&nbsp;&nbsp;&nbsp;&nbsp;&nbsp;&nbsp;<\/p>\n\n\n\n<p>Almeda Samaranch, Elisabet (2000). \u201cLas discriminaciones de g\u00e9nero en el sistema penitenciario: un estudio de caso en la c\u00e1rcel de mujeres del Centro Penitenciario de Brians&#8221; en <em>Un cacheo en la c\u00e1rcel<\/em>.&nbsp; pp. 195- 217. Barcelona: Asociaci\u00f3n contra la Cultura Punitiva y de Exclusi\u00f3n Social,<\/p>\n\n\n\n<p>Almeda Samaranch, Elisabet (1999). <em>Passat i present de les presons de dones: Un estudi de cas al centre penitenciari de Brians<\/em>. Tesi Doctoral a Edici\u00f3 Microfotogr\u00e0fica. Servei de Publicacions. Barcelona: Universitat Aut\u00f2noma de Barcelona.<\/p>\n\n\n\n<p>Almeda Samaranch, Elisabet (1998). \u201cAvance del estudio de caso realizado en la c\u00e1rcel de mujeres de Brians\u201d en Encarna Bodel\u00f3n Gonz\u00e1lez y Teresa Picont\u00f3 (Coord.). <em>Transformaciones del Estado y del Derecho Contempor\u00e1neos. Nuevas perspectivas de la Investigaci\u00f3n Socio-Jur\u00eddica<\/em>. pp. 305-316. Madrid: Dykinson.<\/p>\n\n\n\n<p>Almeda Samaranch, Elisabet (coord.) (1997). <em>\u201cUna aproximaci\u00f3 a la situaci\u00f3 de les dones empresonades de l\u2019Hospitalet de Llobregat\u201d.<\/em> Programa Municipal per a la dona, Equip de recerca del Centre d\u2019Atenci\u00f3 i Informaci\u00f3 de la Dona. Hospitalet de Llobregat: Servei de Publicacions del Programa Municipal per a la Dona..<\/p>\n\n\n\n<p>Almeda Samaranch, Elisabet (1996). \u201cReflexions sobre la problem\u00e0tica de la dona empresonada a Catalunya&#8221;. <em>Actes del II Congr\u00e9s Catal\u00e0 de Sociologia<\/em> (Girona 15-17&nbsp; d\u2019abril de 1994). Volum I. Barcelona: Societat Catalana de Sociolog\u00eda, Institut d&#8217;Estudis Catalans.<\/p>\n\n\n\n<p>Almeda Samaranch, Elisabet (1992). \u201cEl control social sobre la mujer\u201d. <em>Revista Poder y Libertad<\/em>, Revista te\u00f3rica del Partido Feminista de Espa\u00f1a, n\u00fam 19: Presas (ed. Lidia Falc\u00f3n). pp 6-9. Madrid: Vindicaci\u00f3n Feminista Publicaciones.<\/p>\n\n\n\n<p class=\"has-text-align-right\"><em>(Darrera Actualitzaci\u00f3: 4 de setembre de 202<\/em>5)<\/p>\n","protected":false},"excerpt":{"rendered":"<p>Dones i Sistema Penal (1992-2025) Almeda Samaranch, Elisabet and Camps Calvet, Clara (2025) \u201cImprisonment and migrant women\u201d in Laura Oso; Natalia Ribas-Mateos and Melissa Moralli (Ed.) Elgar Encyclopedia of Global<a href=\"https:\/\/elisabetalmeda.cat\/index.php\/dones-i-sistema-penal\/\" class=\"more-link\"><span class=\"more-button\">Continue reading<span class=\"screen-reader-text\">Dones i Sistema Penal<\/span><\/span><\/a><\/p>\n","protected":false},"author":1,"featured_media":0,"parent":0,"menu_order":0,"comment_status":"closed","ping_status":"closed","template":"","meta":{"footnotes":""},"class_list":["post-102","page","type-page","status-publish","hentry"],"_links":{"self":[{"href":"https:\/\/elisabetalmeda.cat\/index.php\/wp-json\/wp\/v2\/pages\/102","targetHints":{"allow":["GET"]}}],"collection":[{"href":"https:\/\/elisabetalmeda.cat\/index.php\/wp-json\/wp\/v2\/pages"}],"about":[{"href":"https:\/\/elisabetalmeda.cat\/index.php\/wp-json\/wp\/v2\/types\/page"}],"author":[{"embeddable":true,"href":"https:\/\/elisabetalmeda.cat\/index.php\/wp-json\/wp\/v2\/users\/1"}],"replies":[{"embeddable":true,"href":"https:\/\/elisabetalmeda.cat\/index.php\/wp-json\/wp\/v2\/comments?post=102"}],"version-history":[{"count":34,"href":"https:\/\/elisabetalmeda.cat\/index.php\/wp-json\/wp\/v2\/pages\/102\/revisions"}],"predecessor-version":[{"id":581,"href":"https:\/\/elisabetalmeda.cat\/index.php\/wp-json\/wp\/v2\/pages\/102\/revisions\/581"}],"wp:attachment":[{"href":"https:\/\/elisabetalmeda.cat\/index.php\/wp-json\/wp\/v2\/media?parent=102"}],"curies":[{"name":"wp","href":"https:\/\/api.w.org\/{rel}","templated":true}]}}