{"id":100,"date":"2025-02-14T15:24:50","date_gmt":"2025-02-14T15:24:50","guid":{"rendered":"https:\/\/elisabetalmeda.cat\/?page_id=100"},"modified":"2025-09-05T12:05:31","modified_gmt":"2025-09-05T12:05:31","slug":"monoparentalitats","status":"publish","type":"page","link":"https:\/\/elisabetalmeda.cat\/index.php\/monoparentalitats\/","title":{"rendered":"Fam\u00edlies Monoparentals i Monomarentals"},"content":{"rendered":"\n<p><\/p>\n\n\n\n<p><a href=\"https:\/\/www.sciencedirect.com\/science\/article\/abs\/pii\/S0277539518301365?via%3Dihub\" target=\"_blank\" rel=\"noreferrer noopener\">Verg\u00e9s Bosch, N\u00faria; Erviti Erice, Joanquina; Morero, Anna y Almeda Samaranch, Elisabet (2019). \u201cViolence against women in female-headed households: generating data on prevalence, consequences and support\u201d in <em>Women\u2019s Studies International Forum. <\/em>Volume 72. January-Februrary 2019. pp. 95-102. https:\/\/doi.org\/10.1016\/j.wsif.2018.12.007<\/a><\/p>\n\n\n\n<p><a href=\"https:\/\/elisabetalmeda.cat\/wp-content\/uploads\/2025\/09\/2018-Familias-monoparentales.-Redes-y-asociaciones-2018-Version-digital-.pdf\" target=\"_blank\" rel=\"noreferrer noopener\">Beltr\u00e1n Mayoral, Cristina; Almeda Samaranch, Elisabet (Dir.). Camps Calvet, Clara y Di Nella, Dino (Eds.) (2018). <em>Familias monoparentales, redes y asociaciones.<\/em> <em>Proyectos y experiencias en el Estado espa\u00f1ol<\/em>. Colecci\u00f3n: Familias Monoparentales y Diversidad Familiar. N\u00fam. 18. Barcelona. Barcelona: Copalqui Editorial.<\/a><\/p>\n\n\n\n<p><a href=\"https:\/\/elisabetalmeda.cat\/wp-content\/uploads\/2025\/09\/2018-Familias-monoparentales.-Redes-y-asociaciones-2018-Version-digital-.pdf\" target=\"_blank\" rel=\"noreferrer noopener\">Almeda Samaranch, Elisabet y Camps Calvet, Clara (2018). \u201cIntroducci\u00f3n\u201d en&nbsp; Cristina Beltr\u00e1n Mayoral; Elisabet Almeda Samaranch (Dir.); Clara Camps Calvet, Clara y Dino Di Nella (Eds.) <em>Familias monoparentales, redes y asociaciones.<\/em> <em>Proyectos y experiencias en el Estado espa\u00f1ol<\/em>. Colecci\u00f3n: Familias Monoparentales y Diversidad Familiar. N\u00fam.18.&nbsp; pp. 17-20. Barcelona: Copalqui Editorial.<\/a><\/p>\n\n\n\n<p><a href=\"https:\/\/revistas.uned.es\/index.php\/empiria\/article\/view\/18978\" target=\"_blank\" rel=\"noreferrer noopener\">Trujillo Cristofanini, Macarena y Almeda Samaranch, Elisabet (2017). \u201cMonomarentalidad e imaginarios de g\u00e9nero en contexto migratorio: Punto de vista epistemol\u00f3gico feminista en el estudio de las migraciones. <em>EMPIRIA. Revista de Metodolog\u00eda de Ciencias Sociales<\/em>. N\u00fam.37. mayo-agosto 2017. pp.101-125.<\/a><\/p>\n\n\n\n<p><a href=\"http:\/\/www.ub.edu\/tiifamo\/wp-content\/uploads\/2014\/10\/1.-Retos-y-dilemas-de-las-familias-monoparenales-en-tiempos-de-cambios.-Almeda-Ortiz-y-Obiol.pdf\" target=\"_blank\" rel=\"noreferrer noopener\">Almeda Samaranch, Elisabet; Ortiz Monera, Rosa y Obiol Franc\u00e9s, Sandra (2016). \u201cRetos y dilemas de las familias monoparentales en tiempos de cambios. Una investigaci\u00f3n grupal y en curso\u201d en Sandra Obiol Frances, Sandra y Dino Di Nella (Ed.) (2016) <em>Familias monoparentales en transformaci\u00f3n. Monoparentalidades transformadoras.<\/em> Colecci\u00f3n Familias monoparentales y diversidad familiar. N\u00fam. 17. pp. 13-38. Barcelona: Copalqui Editorial.<\/a><\/p>\n\n\n\n<p><a href=\"https:\/\/www.jstor.org\/stable\/j.ctt1rrd8wd.16\" target=\"_blank\" rel=\"noreferrer noopener\">Ortiz-Monera, Rosa; Di Nella, Dino y Almeda Samaranch, Elisabet (2016).\u201cOne-Parent Families in Spain: Exclusions and Social Networks\u201d in Maki Motapanyane (Ed.) <em>Motherhood and Lone\/Single Parenting: A 21st Century Perspective<\/em>. pp.243-264. Bradford-Canada: Demeter Press.<\/a><\/p>\n\n\n\n<p><a href=\"https:\/\/roderic.uv.es\/items\/58b5227b-3e3b-4e47-99f7-f6e1560fcabe\" target=\"_blank\" rel=\"noreferrer noopener\">Almeda Samaranch, Elisabet y Obiol, Sandra (Coord.) (2016). \u201cFamilias monoparentales, g\u00e9nero y cambio social\u201d. <em>Arxius de Ciencies Socials<\/em>. N\u00fam.34. pp.1-3.<\/a><\/p>\n\n\n\n<p><a href=\"https:\/\/roderic.uv.es\/items\/ac1029a3-3ee4-4d01-af5b-a20f2479d1d4\" target=\"_blank\" rel=\"noreferrer noopener\">Almeda Samaranch, Elisabet; Verges Bosch, N\u00faria; Obiol i Franc\u00e9s, Sandra y Moreno M\u00ednguez, Almudena (2016). \u201cMonoparentalidades y pol\u00edticas p\u00fablicas: prestaciones economicas y permisos parentales\u201d <em>Arxius de Ciencies Socials<\/em>. N\u00fam.34. pp.43-58.<\/a><\/p>\n\n\n\n<p><a href=\"https:\/\/roderic.uv.es\/items\/4b53ac00-4e56-4412-95e4-cafee391b36b\" target=\"_blank\" rel=\"noreferrer noopener\">Almeda Samaranch, Elisabet; Camps Calvet, Clara; Di Nella, Dino y Ortiz Monera, Rosa (2016). \u201cFamilias monoparentales, inclusi\u00f3n y comunidad\u201d. <em>Arxius de Ciencies Socials<\/em>. N\u00fam. 34. pp. 59-78.<\/a><\/p>\n\n\n\n<p>Morero Beltr\u00e1n, Anna; Ortiz Monera, Rosa and Almeda Samaranch, Elisabet &nbsp;(Eds.) (2015). <em>Dialogues with Rosanna Hertz<\/em>. Colecci\u00f3n: Familias Monoparentales y Diversidad Familiar. N\u00fam.16. Barcelona. Copalqui Editorial.<\/p>\n\n\n\n<p>Almeda Samaranch, Elisabet (2015). \u201cG\u00e9nero, diversidad y familias monoparentales\u201d en Cristobal Torres Albero (Ed.) <em>Espa\u00f1a 2015. Situaci\u00f3n social<\/em>. pp.360-367. Madrid: CIS. <strong><\/strong><\/p>\n\n\n\n<p><a href=\"http:\/\/revistes.ub.edu\/index.php\/oximora\/article\/view\/14517\" target=\"_blank\" rel=\"noreferrer noopener\">Trujillo Cristofanini, Macarena; Rivera Vargas, Pablo y Almeda Samaranch, Elisabet (2015). \u201cDesde el conocimiento situado hacia el feminismo decolonial. Nuevas perspectives de an\u00e0lisis para el estudio de la monomarentalidad e immigraci\u00f3n llatinoamericana\u201d. <em>Ox\u00edmora Revista Internacional de \u00c9tica y Pol\u00edtica<\/em>. N\u00fam.7. Oto\u00f1o 2015. pp.48-62.<\/a><\/p>\n\n\n\n<p><a href=\"http:\/\/esa12thconference.eu\/sites\/esa12thconference.eu\/files\/esa_2015_programme_book_lastupdate_20150825.pdf\" target=\"_blank\" rel=\"noreferrer noopener\">Dom\u00ednguez, Marius; Ortiz, Rosa; Di Nella, Dino; Almeda Samaranch, Elisabet&nbsp; (2015). \u201cTime, care and one parent fam\u00edlies: the case of Spain\u201d, in &nbsp;Differences, Inequalities and Sociological Imagination. Abstract Book. CZE &#8211; REP\u00daBLICA TXECA:&nbsp;Institute of Sociology of the Czech Academy of Sciences.<\/a><\/p>\n\n\n\n<p>Almeda Samaranch, Elisabet; Arroyo Moliner, Liliana; Pradel Miquel, Marc i Josep Maria Rotger Cerd\u00e0, Josep Maria (Eds.) (2014) <em>\u00c0mbits de recerca i metodologies en Sociologia<\/em>. Textos docents 388. Barcelona: Publicacions i Edicions de la Universitat de Barcelona.<\/p>\n\n\n\n<p>Almeda Samaranch, Elisabet; Alcaide, Vanessa; Arechalde, June; Collado, Antonia; Di Nella, Dino; Morero, Anna; Ortiz, Rosa i Scandurra, Rosario (2014).&nbsp; \u201cDisseny metodol\u00f2gic d\u2019una enquesta sobre monoparentalitat i diversitat familiar Catalunya\u201d a Elisabet Almeda Samaranch, Liliana Arroyo Moliner, Marc Pradel Miquel i Josep Maria Rotger Cerd\u00e0 (Eds.) <em>\u00c0mbits de recerca i metodologies en Sociologia. <\/em>Textos docents 388. pp.175-182. Barcelona: Publicacions i Edicions de la Universitat de Barcelona.<\/p>\n\n\n\n<p>Almeda Samaranch, Elisabet i Ortiz Monera, Rosa (2014).&nbsp; \u201cPerspectiva feminista en una recerca sobre fam\u00edlies monoparentals\u201d a Elisabet Almeda Samaranch, Liliana Arroyo Moliner, Marc Pradel Miquel i Josep Maria Rotger Cerd\u00e0 (Eds.) <em>\u00c0mbits de recerca i metodologies en Sociologia<\/em>. Textos docents 388. pp.167-174. Barcelona: Publicacions i Edicions de la Universitat de Barcelona.<\/p>\n\n\n\n<p>Di Nella, Dino; Elisabet Almeda Samaranch y Rosa Ortiz Monera (2014).&nbsp; \u201cPerspectiva no androc\u00e9ntrica en los estudios sobre familias monoparentales. Reflexiones e implicaciones metodol\u00f3gicas\u201d. <em>Athenea Digital. Revista de Pensamiento e Investigaci\u00f3n Socia <\/em>14\/4 (2014). pp. 181-207.<\/p>\n\n\n\n<p>Almeda Samaranch, Elisabet; Di Nella, Dino y Ortiz Monera, Rosa (2013). \u201cEstrat\u00e8gies de superviv\u00e8ncia i benestar de les fam\u00edlies monoparentals a Catalunya\u201d a Liliana Arroyo Moliner i Montserrat Sim\u00f3 Solsona (Eds.) <em>Actas <\/em><em>IV Congr\u00e9s Catal\u00e0\/Internacional de Sociologia. Societats i cultures, m\u00e9s enll\u00e0 de les fronteres. Publicacions completes.<\/em> pp.1709-1725. Barcelona: Associaci\u00f3 catalana de Sociologia -Institut d\u2019Estudis Catalans.<\/p>\n\n\n\n<p>Almeda Samaranch, Elisabet; Alcaide, Vanessa; Arechalde, June; Collado, Antonia; Di Nella, Dino; Morero, Anna; &nbsp;Ortiz Rosa; Peris, Dolores y Scandurra, Rosario (2013). \u201cFamilies monoparentals: una experi\u00e8ncia d\u2019investigaci\u00f3 acci\u00f3 participativa des d\u2019una perspectiva no androc\u00e8ntrica\u201d a Liliana Arroyo Moliner i Montserrat Sim\u00f3 Solsona (Eds.) <em>Actas <\/em><em>IV Congr\u00e9s Catal\u00e0\/Internacional de Sociologia. Societats i cultures, m\u00e9s enll\u00e0 de les fronteres. Publicacions completes<\/em>. pp.1567-158., Barcelona: Associaci\u00f3 catalana de Sociologia -Institut d\u2019Estudis Catalans.<\/p>\n\n\n\n<p>Almeda Samaranch, Elisabet y Di Nella, Dino (2012). \u201cMonoparentalidad y responsabilidad parental\u201d en Teresa Piconto (Ed.) <em>La custodia compartida a debate<\/em>. pp.101-127. Madrid: Diykinson.<\/p>\n\n\n\n<p>Almeda Samaranch, Elisabet y Di Nella, Dino (2012). \u201cAn\u00e1lisis de situaci\u00f3n de las familias monoparentales en tiempos de crisis a nivel nacional\u201d. <em>Actas Jornadas Monomarentales: Mi situaci\u00f3n en tiempos de crisis.<\/em> Mallorca: Asociaci\u00f3n Familias Monparentales. AFAMO.<\/p>\n\n\n\n<p>Almeda Samaranch, Elisabet; Camps i Calvet, Clara y Di Nella, Dino (2012). \u201cFamilias monoparentals: debates, pol\u00edticas y espacios\u201d en Socorro P\u00e9rez-Rinc\u00f3n, Socorro y Rosa Tello i Robira, (Eds.) <em>\u00bfDERECHO A LA VIVIENDA? Miradas cr\u00edticas a las pol\u00edticas de vivienda. <\/em>pp. 169-188. Barcelona: Ediciones Bellaterra.<\/p>\n\n\n\n<p>Almeda Samaranch, Elisabet; Batalla, Esther; Camps, Clara; Collado, Ana; Di Nella, Dino y Obiol, Sandra (2011). \u201cResponsabilidad parental y monparentalidad: an\u00e0lisis sociojur\u00eddico\u201d, en Jos\u00e9 A. Rodr\u00edguez D\u00edaz y Elisabet Almeda Samaranch (Eds.) <em>Sociolog\u00edas plurales<\/em>. Colecci\u00f3n Textos Universitarios. N\u00fam.10. Barcelona: Copalqui Editorial.<\/p>\n\n\n\n<p>Almeda Samaranch, Elisabet ; Di Nella, Dino (Eds.) (2011). <em>Las familias monoparentales a debate<\/em> (Cinco vol\u00famenes). Colecci\u00f3n&nbsp; familias monaparentales y diversidad familiar. Barcelona: Copalqui Editorial.&nbsp;<\/p>\n\n\n\n<p><a href=\"https:\/\/elisabetalmeda.cat\/wp-content\/uploads\/2025\/09\/2011-volumen1_entero.pdf\" target=\"_blank\" rel=\"noreferrer noopener\">Almeda Samaranch, Elisabet y Di Nella, Dino (2011). <em>Introducci\u00f3n a las familias monoparentales.<\/em> Colecci\u00f3n Familias monoparentales y diversidad familiar, N\u00fam.10 (Las familias monoparentales a debate, Volumen I). Barcelona: Copalqui Editorial.<\/a><\/p>\n\n\n\n<p><a href=\"https:\/\/elisabetalmeda.cat\/wp-content\/uploads\/2025\/09\/2011-volumen1_entero.pdf\" target=\"_blank\" rel=\"noreferrer noopener\">Almeda, Elisabet; Di Nella, Dino. (2011). \u201cHacia un enfoque integral de la monoparentalidad\u201d. en Elisabet Almeda y Dino Di Nella (Eds.) <em>Las familias monoparentales a debate<\/em>. Vol. 1. &nbsp;pp: 27-40. Colecci\u00f3n&nbsp; familias monaparentales y diversidad familiar. Barcelona: Copalqui Editorial.&nbsp;<\/a><\/p>\n\n\n\n<p><a href=\"https:\/\/elisabetalmeda.cat\/wp-content\/uploads\/2025\/09\/2011-volumen2_entero.pdf\">Almeda, Elisabet; Di Nella, Dino (2011). \u201cMonoparentalidad, g\u00e9nero y bienestar\u201d. en Elisabet Almeda y Dino Di Nella (Eds.) <em>Las familias monoparentales a debate<\/em>. Vol. 2.&nbsp; pp: 93-121. Colecci\u00f3n&nbsp; familias monaparentales y diversidad familiar. Barcelona: Copalqui Editorial.&nbsp;<\/a><\/p>\n\n\n\n<p><a href=\"https:\/\/elisabetalmeda.cat\/wp-content\/uploads\/2025\/09\/2011-Red-Tematica-Internacional.pdf\" target=\"_blank\" rel=\"noreferrer noopener\">Almeda, Elisabet; Di Nella, Dino (2011). <em>Red tem\u00e0tica internacional de investigaci\u00f3n sobre familias monoparentales. Inicios y experi\u00e8ncies 2008-2011<\/em>. Barcelona: Copalqui Editorial.<\/a><\/p>\n\n\n\n<p><a href=\"http:\/\/www.injuve.es\/sites\/default\/files\/RJ90-12.pdf\" target=\"_blank\" rel=\"noreferrer noopener\">Almeda Samaranch, Elisabet y Di Nella, Dino (2010). \u201cMonoparentalidad, juventud y responsabilidad parental: Reflexiones e implicaciones desde una perespectiva no adroc\u00e9ntrica\u201d. <em>Revista de estudios de Juventud<\/em>. N\u00fam.90. pp.143-161. <\/a><\/p>\n\n\n\n<p>Almeda Samaranch, Elisabet et al. (2010). <em>Informe final de investigaci\u00f3n: monoparentalidad y exclusi\u00f3n social: estrategias de supervivencia y bienestar desde una perspectiva de g\u00e9nero<\/em>. Instituto de la Mujer. Barcelona: Universidad de Barcelona.<\/p>\n\n\n\n<p><a href=\"https:\/\/www.seg-social.es\/wps\/wcm\/connect\/wss\/0fd326ef-78c3-48dc-ae89-4484c9396e77\/16_F06.pdf?MOD=AJPERES\" target=\"_blank\" rel=\"noreferrer noopener\">Almeda Samaranch, Elisabet y Di Nella, Dino (2008). <em>Pensiones de supervivencia y familias monoparentales encabezadas por mujeres: perfiles, din\u00e1micas e impactos. Un estudio te\u00f3rico-emp\u00edrico comparado en el marco de la UE<\/em>. Madrid: Ministerio de Trabajo y Asuntos Sociales. <\/a><\/p>\n\n\n\n<p><a href=\"https:\/\/elisabetalmeda.cat\/wp-content\/uploads\/2025\/09\/2008-Fer-familia-sense-parella-2008-Versio-digital-.pdf\" target=\"_blank\" rel=\"noreferrer noopener\">Almeda Samaranch, Elisabet; Di Nella, Dino i Camps Calvet, Clara (2008). <em>Fer familia sense parella. Noves tend\u00e8ncies en les monoparentalitats.<\/em> Col\u00b7lecci\u00f3 Fam\u00edlies Monoparentals i Diversitat Familiar. N\u00famero 06. Barcelona: Copalqui Editorial.<\/a><\/p>\n\n\n\n<p><a href=\"http:\/\/www.gencat.cat\/benestar\/publica\/butlletiDGAIA\/num18\/article.html\" target=\"_blank\" rel=\"noreferrer noopener\">Almeda Samaranch, Elisabet (2008). \u201cLes families monoparentals des d\u2019una perspectiva de g\u00e9nere\u201d. <em>Butlleti dels Professionals de la inf\u00e0ncia i l\u2019adolesc\u00e8ncia<\/em>. N\u00fam. 18. Juny 2008. Barcelona: Generalitat de Catalunya. <\/a><\/p>\n\n\n\n<p><a href=\"http:\/\/www.uv.es\/~sociolog\/arxius\/ARXIUS%2019\/03.%20ALMEDA.pdf\" target=\"_blank\" rel=\"noreferrer noopener\">Almeda Samaranch, Elisabet; Di Nella, Dino y Obiol Franc\u00e9s, Sandra (2008). \u201cL\u2019experi\u00e8ncia de la monoparentalitat: percepcions, dificultats i demandes\u201d <em>Arxius de Sociologia<\/em>. N\u00fam. 19. pp.19-29. &nbsp;<\/a><\/p>\n\n\n\n<p>Almeda Samaranch, Elisabet (2008). \u201cFam\u00edlies monomarentals: Visibilitzant les realitats\u201d a Encarna Bodel\u00f3n y Pilar Gim\u00e9nez (Coord.) <em>Construint els drets de les dones: dels conceptes generals a les pol\u00edtiques locals. <\/em>pp.205-2018. Colecci\u00f3 Estudis. Serie Igualtat i Ciutadania-1. Barcelona: Diputaci\u00f3 de Barcelona. &nbsp;<\/p>\n\n\n\n<p>Di Nella, Dino i Almeda Samaranch, Elisabet (2008). <em>Pol\u00edtiques familiars<\/em> <em>envers les monoparentalitats des d\u2019una perspectiva comparada europea.<\/em> Col\u00b7lecci\u00f3: Fam\u00edlies Monoparentals i Diversitat Familiar<em>. <\/em>N\u00fam. 04. Barcelona. Copalqui Editorial.<\/p>\n\n\n\n<p><a href=\"https:\/\/elisabetalmeda.cat\/wp-content\/uploads\/2025\/09\/2008-Monoparentalidades-y-pobreza-en-Europa-2008-Version-digital.pdf\" target=\"_blank\" rel=\"noreferrer noopener\">Almeda Samaranch, Elisabet (2008).<em> Monoparentalidades y pobreza en Europa. El caso del Estado espa\u00f1ol. <\/em>Colecci\u00f3n: Fam\u00edlias<em> <\/em>Monoparentales y Diversidad Familiar. N\u00fam. 02. Barcelona: Copalqui Editorial.<\/a><\/p>\n\n\n\n<p>Almeda Samaranch, Elisabet; Di Nella, Dino i Sandra Obiol Franc\u00e9s (2007). <em>Les fam\u00edlies monoparentals des d\u2019una perspectiva de g\u00e8nere.<\/em> Barcelona: Copalqui Editorial.<\/p>\n\n\n\n<p>Almeda Samaranch, Elisabet; Di Nella, Dino y Obiol, Sandra Franc\u00e9s (2006). \u201cSituaci\u00f3n Actual de la Familia Monoparental en Espa\u00f1a\u201d. <em>Actas de las Jornadas familias monomarentales: madres solteras invisibles.<\/em> Le\u00f3n: Federaci\u00f3n de Asociaciones de Madres Solteras. FAMS.<\/p>\n\n\n\n<p><a href=\"https:\/\/elisabetalmeda.cat\/wp-content\/uploads\/2025\/09\/2006-Almeda.-Libro-Infancia-i-monoparentalitat.-La-Caixa.pdf\" target=\"_blank\" rel=\"noreferrer noopener\">Flaquer, Lluis; Almeda Samaranch, Elisabet y Navarro, Lara (2006). <em>Monoparentalidad e infancia<\/em>. Colecci\u00f3n Estudios Sociales. N\u00fam 20. Barcelona: Obra Social Fundaci\u00f3n \u201cLa Caixa\u201d.<\/a><\/p>\n\n\n\n<p><a href=\"https:\/\/dones.gencat.cat\/web\/.content\/03_ambits\/docs\/publicacions_eines07.pdf\" target=\"_blank\" rel=\"noreferrer noopener\">Carrasco, Cristina.; Almeda Samaranch, Elisabet et al. (2006). <em>Estad\u00edstiques sota sospita. Proposta de nous indicadors de l&#8217;experi\u00e8ncia femenina.<\/em> Barcelona: Institut Catal\u00e0 de les Dones.<\/a><\/p>\n\n\n\n<p><a href=\"https:\/\/elisabetalmeda.cat\/wp-content\/uploads\/2025\/09\/2005-Ponencia-Zaragoza.pdf\" target=\"_blank\" rel=\"noreferrer noopener\">Almeda Samaranch, Elisabet (2005). \u201cPanorama Hist\u00f3rico y Situaci\u00f3n Actual de las Familias Monoparentales\u201d. <em>Actas de las Jornadas de An\u00e1lisis y Realidad de las Familias Monomarentales y Monoparentales en Espa\u00f1a<\/em>. Zaragoza: AMASOL-UNAF- Federaci\u00f3 de Asociaciones de Madres Soltera.&nbsp;FAMS.<\/a><\/p>\n\n\n\n<p><a href=\"https:\/\/elisabetalmeda.cat\/wp-content\/uploads\/2025\/09\/2004-Almeda.-Families-monoparentals-a-Catalunya.-gencat.pdf\" target=\"_blank\" rel=\"noreferrer noopener\">Almeda Samaranch, Elisabet (Coord.) (2004). <em>Les fam\u00edlies monoparentals a Catalunya: perfils, necessitats i percepcions<\/em>. Barcelona: Departament de Benestar i Fam\u00edlia. Generalitat de Catalunya.<\/a><\/p>\n\n\n\n<p>Almeda Samaranch, Elisabet (2003). \u201cMares soles: entre l\u2019oblit i la precarietat\u201d. <em>Revista Ca la Dona<\/em>. N\u00fam. 41. Barcelona: Associaci\u00f3 Ca la Dona. &nbsp;<\/p>\n\n\n\n<p><a href=\"https:\/\/elisabetalmeda.cat\/wp-content\/uploads\/2025\/09\/2003-Almeda.-Politiques-de-suport-a-les-families-monoparentals-CAT21.pdf\" target=\"_blank\" rel=\"noreferrer noopener\">Almeda Samaranch, Elisabet (2003). \u201cPol\u00edtiques de suport a les fam\u00edlies monoparentals\u201d. <em>Documents de Reflexi\u00f3 Estrat\u00e8gica<\/em> <em>4. Suport a les Fam\u00edlies 3. Pla Governamental CAT 21. <\/em>Barcelona: Generalitat de Catalunya.<\/a><\/p>\n\n\n\n<p><a href=\"https:\/\/elisabetalmeda.cat\/wp-content\/uploads\/2025\/09\/2002-Les-families-monoparentals-i-les-ruptures-matrimonials-.pdf\" target=\"_blank\" rel=\"noreferrer noopener\">Almeda Samaranch, Elisabet (2002).\u201cFam\u00edlies monoparentals i ruptures matrimonials a Catalunya: apunts per a un debat\u201d en Llu\u00eds Flaquer (Ed.). <em>Pol\u00edtiques familiars a la Uni\u00f3 Europea<\/em>. pp.88-131. Barcelona: Institut de Ci\u00e8ncies Pol\u00edtiques i Socials. &nbsp;<\/a><\/p>\n\n\n\n<p><a href=\"https:\/\/elisabetalmeda.cat\/wp-content\/uploads\/2025\/09\/2002-Familias-monoparentales-y-rupturas-matrimoniales-.pdf\" target=\"_blank\" rel=\"noreferrer noopener\">Almeda Samaranch, Elisabet (2002). \u201cLes fam\u00edlies monoparentals i les ruptures matrimonials\u201d a Llu\u00eds Flaquer (Coord.) <em>Informe sobre la situaci\u00f3 de la fam\u00edlia a Catalunya. Un intent de diagn\u00f2stic<\/em>. pp.120-143. Barcelona: Departament de Benestar Social, Generalitat de Catalunya.<\/a><\/p>\n\n\n\n<p>Almeda, E.; Sarasa, S.; Obiols, D. (1999). &#8220;El programa de rentas m\u00ednimas de inserci\u00f3n en un contexto de reforma en los servicios sociales: el caso de Catalu\u00f1a&#8221;. <em>Document de treball\/Working<\/em>. Paper N\u00ba 99\/08. Nov\/99. Barcelona: Institut d&#8217;Estudis Socials Avan\u00e7ats, CSIC.<\/p>\n\n\n\n<p>Almeda Samaranch, Elisabet y Llu\u00eds Flaquer (1995). &#8220;Las Familias monoparentales en Espa\u00f1a: Un enfoque cr\u00edtico&#8221;. <em>Revista Internacional de Sociolog\u00eda<\/em>. Tercera \u00e9poca. N\u00fam. 11. pp.21-45. Barcelona: Institut d&#8217;Estudis Socials Avan\u00e7ats, CSIC.<\/p>\n\n\n\n<p>Almeda Samaranch, Elisabet i Llu\u00eds Flaquer (1993). &#8220;La monoparentalidad en Espa\u00f1a: claves para un an\u00e1lisis sociol\u00f3gico\u201d. <em>Document de treball\/Working<\/em> Paper N\u00ba 93\/1. Maig\/93. Barcelona: Institut d&#8217;Estudis Socials Avan\u00e7ats, CSIC.<\/p>\n\n\n\n<p class=\"has-text-align-right\"><em>(Darrera Actualitzaci\u00f3: 4 de setembre de 202<\/em>5)<\/p>\n","protected":false},"excerpt":{"rendered":"<p>Verg\u00e9s Bosch, N\u00faria; Erviti Erice, Joanquina; Morero, Anna y Almeda Samaranch, Elisabet (2019). \u201cViolence against women in female-headed households: generating data on prevalence, consequences and support\u201d in Women\u2019s Studies International<a href=\"https:\/\/elisabetalmeda.cat\/index.php\/monoparentalitats\/\" class=\"more-link\"><span class=\"more-button\">Continue reading<span class=\"screen-reader-text\">Fam\u00edlies Monoparentals i Monomarentals<\/span><\/span><\/a><\/p>\n","protected":false},"author":1,"featured_media":0,"parent":0,"menu_order":0,"comment_status":"closed","ping_status":"closed","template":"","meta":{"footnotes":""},"class_list":["post-100","page","type-page","status-publish","hentry"],"_links":{"self":[{"href":"https:\/\/elisabetalmeda.cat\/index.php\/wp-json\/wp\/v2\/pages\/100","targetHints":{"allow":["GET"]}}],"collection":[{"href":"https:\/\/elisabetalmeda.cat\/index.php\/wp-json\/wp\/v2\/pages"}],"about":[{"href":"https:\/\/elisabetalmeda.cat\/index.php\/wp-json\/wp\/v2\/types\/page"}],"author":[{"embeddable":true,"href":"https:\/\/elisabetalmeda.cat\/index.php\/wp-json\/wp\/v2\/users\/1"}],"replies":[{"embeddable":true,"href":"https:\/\/elisabetalmeda.cat\/index.php\/wp-json\/wp\/v2\/comments?post=100"}],"version-history":[{"count":19,"href":"https:\/\/elisabetalmeda.cat\/index.php\/wp-json\/wp\/v2\/pages\/100\/revisions"}],"predecessor-version":[{"id":582,"href":"https:\/\/elisabetalmeda.cat\/index.php\/wp-json\/wp\/v2\/pages\/100\/revisions\/582"}],"wp:attachment":[{"href":"https:\/\/elisabetalmeda.cat\/index.php\/wp-json\/wp\/v2\/media?parent=100"}],"curies":[{"name":"wp","href":"https:\/\/api.w.org\/{rel}","templated":true}]}}